{"id":14304,"date":"2024-03-07T18:37:02","date_gmt":"2024-03-07T17:37:02","guid":{"rendered":"https:\/\/www.promotio.sk\/shop\/nezaraden\u00e9\/kunes\/"},"modified":"2024-03-07T20:38:41","modified_gmt":"2024-03-07T19:38:41","slug":"kunes","status":"publish","type":"product","link":"https:\/\/www.promotio.sk\/sk\/shop\/promo-items\/bags_travel\/cooler_bags\/kunes\/","title":{"rendered":"KUNES"},"content":{"rendered":"<p>Viac\u00fa\u010delov\u00e1 chladni\u010dka vyroben\u00e1 z RPET 600D je dokonal\u00fdm rie\u0161en\u00edm na udr\u017eanie \u010derstvosti va\u0161ich potrav\u00edn a n\u00e1pojov na cest\u00e1ch. Vyroben\u00e1 z RPET, vysokokvalitn\u00e9ho recyklovan\u00e9ho materi\u00e1lu, t\u00e1to chladni\u010dka dokazuje v\u00e1\u0161 z\u00e1v\u00e4zok stara\u0165 sa o \u017eivotn\u00e9 prostredie.<br \/>\nV\u010faka izolovan\u00fdm vn\u00fatorn\u00fdm priehradk\u00e1m budete m\u00f4c\u0165 uchov\u00e1va\u0165 potraviny dlh\u0161ie pri spr\u00e1vnej teplote. \u010ci u\u017e potrebujete v hor\u00facom dni uchova\u0165 n\u00e1poje chladn\u00e9 alebo prepravova\u0165 \u010derstv\u00e9 potraviny, t\u00e1to chladni\u010dka zaist\u00ed, \u017ee v\u0161etko zostane \u010derstv\u00e9 a pripraven\u00e9 na vychutnanie.<br \/>\nPraktick\u00e9 vonkaj\u0161ie vreck\u00e1 poskytuj\u00fa \u010fal\u0161\u00ed priestor na ulo\u017eenie osobn\u00fdch vec\u00ed, ako s\u00fa riad, obr\u00fasky alebo mal\u00e9 ob\u010derstvenie. V\u0161etko potrebn\u00e9 tak budete ma\u0165 na dosah ruky.<br \/>\nNastavite\u013en\u00fd polstrovan\u00fd ramenn\u00fd popruh s karab\u00ednou v\u00e1m poskytuje pohodlie a v\u0161estrannos\u0165 pri pren\u00e1\u0161an\u00ed chladni\u010dky. M\u00f4\u017eete ju pohodlne nosi\u0165 na ramene alebo zavesi\u0165 na batoh alebo ta\u0161ku, v z\u00e1vislosti od va\u0161ich potrieb. T\u00e1to viac\u00fa\u010delov\u00e1 chladni\u010dka je ide\u00e1lna na to, aby ste si ju vzali so sebou na pikniky, v\u00fdlety, v\u00fdlety alebo jednoducho na ka\u017ed\u00fd de\u0148. Jeho funk\u010dn\u00fd dizajn v kombin\u00e1cii s pou\u017eit\u00edm RPET z neho rob\u00ed ekologick\u00fa a odoln\u00fa mo\u017enos\u0165.<br \/>\n\u010ci u\u017e potrebujete udr\u017ea\u0165 jedlo \u010derstv\u00e9 po\u010das d\u0148a pln\u00e9ho dobrodru\u017estiev alebo si jednoducho vzia\u0165 obed do pr\u00e1ce, t\u00e1to viac\u00fa\u010delov\u00e1 chladni\u010dka v\u00e1m pon\u00faka praktick\u00e9 a ekologick\u00e9 rie\u0161enie.<br \/>Zlo\u017eenie: RPET<\/p>","protected":false},"excerpt":{"rendered":"<p>The multi-purpose refrigerator made with RPET 600D is the perfect solution to keep your food and drinks fresh on the<\/p>","protected":false},"featured_media":14305,"comment_status":"open","ping_status":"closed","template":"","meta":[],"product_cat":[298,305],"product_tag":[],"class_list":{"0":"post-14304","1":"product","2":"type-product","3":"status-publish","4":"has-post-thumbnail","6":"product_cat-bags_travel","7":"product_cat-cooler_bags","9":"first","10":"instock","11":"shipping-taxable","12":"purchasable","13":"product-type-variable"},"_links":{"self":[{"href":"https:\/\/www.promotio.sk\/sk\/wp-json\/wp\/v2\/product\/14304","targetHints":{"allow":["GET"]}}],"collection":[{"href":"https:\/\/www.promotio.sk\/sk\/wp-json\/wp\/v2\/product"}],"about":[{"href":"https:\/\/www.promotio.sk\/sk\/wp-json\/wp\/v2\/types\/product"}],"replies":[{"embeddable":true,"href":"https:\/\/www.promotio.sk\/sk\/wp-json\/wp\/v2\/comments?post=14304"}],"wp:featuredmedia":[{"embeddable":true,"href":"https:\/\/www.promotio.sk\/sk\/wp-json\/wp\/v2\/media\/14305"}],"wp:attachment":[{"href":"https:\/\/www.promotio.sk\/sk\/wp-json\/wp\/v2\/media?parent=14304"}],"wp:term":[{"taxonomy":"product_cat","embeddable":true,"href":"https:\/\/www.promotio.sk\/sk\/wp-json\/wp\/v2\/product_cat?post=14304"},{"taxonomy":"product_tag","embeddable":true,"href":"https:\/\/www.promotio.sk\/sk\/wp-json\/wp\/v2\/product_tag?post=14304"}],"curies":[{"name":"wp","href":"https:\/\/api.w.org\/{rel}","templated":true}]}}