{"id":14290,"date":"2024-03-07T18:35:44","date_gmt":"2024-03-07T17:35:44","guid":{"rendered":"https:\/\/www.promotio.sk\/shop\/nezaraden\u00e9\/sotek\/"},"modified":"2024-03-07T20:38:55","modified_gmt":"2024-03-07T19:38:55","slug":"sotek","status":"publish","type":"product","link":"https:\/\/www.promotio.sk\/sk\/shop\/promo-items\/bags_travel\/cooler_bags\/sotek\/","title":{"rendered":"SOTEK"},"content":{"rendered":"<p>Chladni\u010dka z recyklovan\u00e9ho polyesteru RPET 600D s energick\u00fdm dizajnom je dokonal\u00fdm doplnkom, ktor\u00fd udr\u017e\u00ed va\u0161e jedlo a n\u00e1poje \u010derstv\u00e9 na va\u0161ich vonkaj\u0161\u00edch dobrodru\u017estv\u00e1ch. T\u00e1to chladni\u010dka je vyroben\u00e1 z udr\u017eate\u013en\u00fdch materi\u00e1lov a predstavuje ekologick\u00fa a ekologick\u00fa mo\u017enos\u0165.<br \/>\nM\u00e1 \u010fal\u0161ie vonkaj\u0161ie vrecko, ktor\u00e9 v\u00e1m umo\u017en\u00ed ulo\u017ei\u0165 mal\u00e9 predmety, ako s\u00fa obr\u00fasky, n\u00e1\u010dinie alebo in\u00e9 piknikov\u00e9 doplnky. Vn\u00fatro je vybaven\u00e9 izotermick\u00fdm povlakom na udr\u017eanie ide\u00e1lnej teploty va\u0161ich potrav\u00edn a n\u00e1pojov, \u010d\u00edm sa zabezpe\u010d\u00ed ich dlh\u0161ie \u010derstvos\u0165.<br \/>\nChladni\u010dka je vybaven\u00e1 praktickou rukov\u00e4\u0165ou, ktor\u00e1 u\u013eah\u010duje pren\u00e1\u0161anie, v\u010faka \u010domu je pohodln\u00e1 aj na cest\u00e1ch. \u010ci u\u017e ide o de\u0148 na pl\u00e1\u017ei, piknik v parku alebo kempovanie, t\u00e1to chladni\u010dka je dokonal\u00fdm doplnkom na udr\u017eanie \u010derstv\u00e9ho jedla, aby ste si mohli u\u017ei\u0165 svoje outdoorov\u00e9 aktivity.<br \/>\nChladni\u010dka z recyklovan\u00e9ho polyesteru RPET s energick\u00fdm dizajnom je nielen funk\u010dn\u00e1, ale m\u00e1 aj modern\u00fd a atrakt\u00edvny vzh\u013ead, v\u010faka \u010domu je \u0161t\u00fdlov\u00fdm a v\u0161estrann\u00fdm doplnkom. Urobte si svoj vedom\u00fd v\u00fdber s touto udr\u017eate\u013enou chladni\u010dkou a vychutnajte si chv\u00edle vonku v \u00faplnej svie\u017eosti.<br \/>Zlo\u017eenie: RPET<\/p>","protected":false},"excerpt":{"rendered":"<p>The RPET 600D recycled polyester fridge with a vigore design is the perfect accessory to keep your food and drinks<\/p>","protected":false},"featured_media":14291,"comment_status":"open","ping_status":"closed","template":"","meta":[],"product_cat":[298,305],"product_tag":[],"class_list":{"0":"post-14290","1":"product","2":"type-product","3":"status-publish","4":"has-post-thumbnail","6":"product_cat-bags_travel","7":"product_cat-cooler_bags","9":"first","10":"instock","11":"shipping-taxable","12":"purchasable","13":"product-type-variable"},"_links":{"self":[{"href":"https:\/\/www.promotio.sk\/sk\/wp-json\/wp\/v2\/product\/14290","targetHints":{"allow":["GET"]}}],"collection":[{"href":"https:\/\/www.promotio.sk\/sk\/wp-json\/wp\/v2\/product"}],"about":[{"href":"https:\/\/www.promotio.sk\/sk\/wp-json\/wp\/v2\/types\/product"}],"replies":[{"embeddable":true,"href":"https:\/\/www.promotio.sk\/sk\/wp-json\/wp\/v2\/comments?post=14290"}],"wp:featuredmedia":[{"embeddable":true,"href":"https:\/\/www.promotio.sk\/sk\/wp-json\/wp\/v2\/media\/14291"}],"wp:attachment":[{"href":"https:\/\/www.promotio.sk\/sk\/wp-json\/wp\/v2\/media?parent=14290"}],"wp:term":[{"taxonomy":"product_cat","embeddable":true,"href":"https:\/\/www.promotio.sk\/sk\/wp-json\/wp\/v2\/product_cat?post=14290"},{"taxonomy":"product_tag","embeddable":true,"href":"https:\/\/www.promotio.sk\/sk\/wp-json\/wp\/v2\/product_tag?post=14290"}],"curies":[{"name":"wp","href":"https:\/\/api.w.org\/{rel}","templated":true}]}}