{"id":14270,"date":"2024-03-07T18:33:54","date_gmt":"2024-03-07T17:33:54","guid":{"rendered":"https:\/\/www.promotio.sk\/shop\/nezaraden\u00e9\/florit\/"},"modified":"2024-03-07T20:39:25","modified_gmt":"2024-03-07T19:39:25","slug":"florit","status":"publish","type":"product","link":"https:\/\/www.promotio.sk\/sk\/shop\/promo-items\/bags_travel\/cooler_bags\/florit\/","title":{"rendered":"FLORIT"},"content":{"rendered":"<p>Jutov\u00e1 chladiaca ta\u0161ka s bavlnen\u00fdm predn\u00fdm vreckom. Hlavn\u00e1 priehradka s izotermickou pod\u0161\u00edvkou v hlin\u00edkovej \u00faprave. Vr\u00e1tane bavlnen\u00fdch rukov\u00e4t\u00ed.<br \/>Zlo\u017eenie: Yuta<br \/>Pozn\u00e1mky: Kapacita: 7 l<\/p>","protected":false},"excerpt":{"rendered":"<p>Yute cooler bag with cotton front pocket. Main compartment with isothermal lining in aluminium finish. Carry cotton handles included.Composition: YuteRemarks:<\/p>","protected":false},"featured_media":14271,"comment_status":"open","ping_status":"closed","template":"","meta":[],"product_cat":[298,305],"product_tag":[],"class_list":{"0":"post-14270","1":"product","2":"type-product","3":"status-publish","4":"has-post-thumbnail","6":"product_cat-bags_travel","7":"product_cat-cooler_bags","9":"first","10":"instock","11":"shipping-taxable","12":"purchasable","13":"product-type-variable"},"_links":{"self":[{"href":"https:\/\/www.promotio.sk\/sk\/wp-json\/wp\/v2\/product\/14270","targetHints":{"allow":["GET"]}}],"collection":[{"href":"https:\/\/www.promotio.sk\/sk\/wp-json\/wp\/v2\/product"}],"about":[{"href":"https:\/\/www.promotio.sk\/sk\/wp-json\/wp\/v2\/types\/product"}],"replies":[{"embeddable":true,"href":"https:\/\/www.promotio.sk\/sk\/wp-json\/wp\/v2\/comments?post=14270"}],"wp:featuredmedia":[{"embeddable":true,"href":"https:\/\/www.promotio.sk\/sk\/wp-json\/wp\/v2\/media\/14271"}],"wp:attachment":[{"href":"https:\/\/www.promotio.sk\/sk\/wp-json\/wp\/v2\/media?parent=14270"}],"wp:term":[{"taxonomy":"product_cat","embeddable":true,"href":"https:\/\/www.promotio.sk\/sk\/wp-json\/wp\/v2\/product_cat?post=14270"},{"taxonomy":"product_tag","embeddable":true,"href":"https:\/\/www.promotio.sk\/sk\/wp-json\/wp\/v2\/product_tag?post=14270"}],"curies":[{"name":"wp","href":"https:\/\/api.w.org\/{rel}","templated":true}]}}