{"id":14093,"date":"2024-03-07T18:18:15","date_gmt":"2024-03-07T17:18:15","guid":{"rendered":"https:\/\/www.promotio.sk\/shop\/nezaraden\u00e9\/arnold\/"},"modified":"2024-03-07T18:18:58","modified_gmt":"2024-03-07T17:18:58","slug":"arnold","status":"publish","type":"product","link":"https:\/\/www.promotio.sk\/sk\/shop\/promo-items\/bags_travel\/travel_accessories\/arnold\/","title":{"rendered":"ARNOLD"},"content":{"rendered":"<p>Op\u00e4tovne uzatv\u00e1rate\u013en\u00e1 cestovn\u00e1 ta\u0161ka z prieh\u013eadn\u00e9ho PVC. Vr\u00e1tane praktick\u00fdch f\u013ea\u0161ti\u010diek na g\u00e9l, \u0161amp\u00f3n a parfum.<br \/>Zlo\u017eenie: PVC<br \/>Pozn\u00e1mky: S\u00fa\u010das\u0165ou balenia: 3 f\u013ea\u0161ti\u010dky, 1 sprej a 1 adapt\u00e9r.<\/p>","protected":false},"excerpt":{"rendered":"<p>Resealable travel bag in transparent PVC. Assortment of practical bottles for gel, shampoo and perfume included.Composition: PVCRemarks: Included in pack:<\/p>","protected":false},"featured_media":14094,"comment_status":"open","ping_status":"closed","template":"","meta":[],"product_cat":[298,303],"product_tag":[],"class_list":{"0":"post-14093","1":"product","2":"type-product","3":"status-publish","4":"has-post-thumbnail","6":"product_cat-bags_travel","7":"product_cat-travel_accessories","9":"first","10":"instock","11":"shipping-taxable","12":"purchasable","13":"product-type-variable"},"_links":{"self":[{"href":"https:\/\/www.promotio.sk\/sk\/wp-json\/wp\/v2\/product\/14093","targetHints":{"allow":["GET"]}}],"collection":[{"href":"https:\/\/www.promotio.sk\/sk\/wp-json\/wp\/v2\/product"}],"about":[{"href":"https:\/\/www.promotio.sk\/sk\/wp-json\/wp\/v2\/types\/product"}],"replies":[{"embeddable":true,"href":"https:\/\/www.promotio.sk\/sk\/wp-json\/wp\/v2\/comments?post=14093"}],"wp:featuredmedia":[{"embeddable":true,"href":"https:\/\/www.promotio.sk\/sk\/wp-json\/wp\/v2\/media\/14094"}],"wp:attachment":[{"href":"https:\/\/www.promotio.sk\/sk\/wp-json\/wp\/v2\/media?parent=14093"}],"wp:term":[{"taxonomy":"product_cat","embeddable":true,"href":"https:\/\/www.promotio.sk\/sk\/wp-json\/wp\/v2\/product_cat?post=14093"},{"taxonomy":"product_tag","embeddable":true,"href":"https:\/\/www.promotio.sk\/sk\/wp-json\/wp\/v2\/product_tag?post=14093"}],"curies":[{"name":"wp","href":"https:\/\/api.w.org\/{rel}","templated":true}]}}