{"id":14015,"date":"2024-03-07T18:10:58","date_gmt":"2024-03-07T17:10:58","guid":{"rendered":"https:\/\/www.promotio.sk\/shop\/nezaraden\u00e9\/delphis\/"},"modified":"2024-03-07T18:12:27","modified_gmt":"2024-03-07T17:12:27","slug":"delphis","status":"publish","type":"product","link":"https:\/\/www.promotio.sk\/sk\/shop\/promo-items\/bags_travel\/travel_accessories\/delphis\/","title":{"rendered":"DELPHIS"},"content":{"rendered":"<p>Toaletn\u00e1 ta\u0161ka z organickej bavlny 100% so zodpovedaj\u00facim \u0165ah\u00e1kom. 180 gsm.<br \/>Zlo\u017eenie: organick\u00e1 bavlna.<\/p>","protected":false},"excerpt":{"rendered":"<p>100% organic cotton toilet bag with matching puller. 180 gsm.Composition: Organic cotton.<\/p>","protected":false},"featured_media":14016,"comment_status":"open","ping_status":"closed","template":"","meta":[],"product_cat":[298,303],"product_tag":[],"class_list":{"0":"post-14015","1":"product","2":"type-product","3":"status-publish","4":"has-post-thumbnail","6":"product_cat-bags_travel","7":"product_cat-travel_accessories","9":"first","10":"instock","11":"shipping-taxable","12":"purchasable","13":"product-type-variable"},"_links":{"self":[{"href":"https:\/\/www.promotio.sk\/sk\/wp-json\/wp\/v2\/product\/14015","targetHints":{"allow":["GET"]}}],"collection":[{"href":"https:\/\/www.promotio.sk\/sk\/wp-json\/wp\/v2\/product"}],"about":[{"href":"https:\/\/www.promotio.sk\/sk\/wp-json\/wp\/v2\/types\/product"}],"replies":[{"embeddable":true,"href":"https:\/\/www.promotio.sk\/sk\/wp-json\/wp\/v2\/comments?post=14015"}],"wp:featuredmedia":[{"embeddable":true,"href":"https:\/\/www.promotio.sk\/sk\/wp-json\/wp\/v2\/media\/14016"}],"wp:attachment":[{"href":"https:\/\/www.promotio.sk\/sk\/wp-json\/wp\/v2\/media?parent=14015"}],"wp:term":[{"taxonomy":"product_cat","embeddable":true,"href":"https:\/\/www.promotio.sk\/sk\/wp-json\/wp\/v2\/product_cat?post=14015"},{"taxonomy":"product_tag","embeddable":true,"href":"https:\/\/www.promotio.sk\/sk\/wp-json\/wp\/v2\/product_tag?post=14015"}],"curies":[{"name":"wp","href":"https:\/\/api.w.org\/{rel}","templated":true}]}}