{"id":13979,"date":"2024-03-07T18:07:39","date_gmt":"2024-03-07T17:07:39","guid":{"rendered":"https:\/\/www.promotio.sk\/shop\/nezaraden\u00e9\/tibar\/"},"modified":"2024-03-07T18:08:26","modified_gmt":"2024-03-07T17:08:26","slug":"tibar","status":"publish","type":"product","link":"https:\/\/www.promotio.sk\/sk\/shop\/promo-items\/bags_travel\/travel_accessories\/tibar\/","title":{"rendered":"TIBAR"},"content":{"rendered":"<p>Viac\u00fa\u010delov\u00e1 ta\u0161ka z PU ko\u017ee v lesklom preveden\u00ed je dokonal\u00fdm doplnkom na organizovanie va\u0161ich produktov osobnej starostlivosti a vezmite si ich so sebou, kamko\u013evek idete. PU exteri\u00e9r s lesklou povrchovou \u00fapravou mu dod\u00e1va elegantn\u00fd a sofistikovan\u00fd vzh\u013ead a dod\u00e1va \u0161t\u00fdlov\u00fd n\u00e1dych va\u0161ej ka\u017edodennej rutine.<br \/>\nV\u010faka zodpovedaj\u00facemu zipsu a \u0165ahu m\u00e1te \u013eahk\u00fd pr\u00edstup k obsahu ta\u0161ky a uchov\u00e1vate svoje veci v bezpe\u010d\u00ed. Zips zaru\u010duje bezpe\u010dn\u00e9 zatvorenie a zabra\u0148uje n\u00e1hodn\u00fdm strat\u00e1m.<br \/>\nT\u00e1to viac\u00fa\u010delov\u00e1 toaletn\u00e1 ta\u0161ka pon\u00faka v\u0161estrann\u00e9 vyu\u017eitie. M\u00f4\u017eete ho pou\u017ei\u0165 na skladovanie a prepravu produktov osobnej starostlivosti, ako s\u00fa make-up, hygienick\u00e9 v\u00fdrobky alebo cestovn\u00e9 doplnky. Je tie\u017e ide\u00e1lny na pren\u00e1\u0161anie mal\u00fdch predmetov, ako s\u00fa k\u00e1ble, nab\u00edja\u010dky alebo k\u013e\u00fa\u010de, aby ste ich mali usporiadan\u00e9 a na dosah ruky.<br \/>\nPU materi\u00e1l pou\u017eit\u00fd pri jeho v\u00fdrobe je odoln\u00fd a vodeodoln\u00fd, \u010do poskytuje dodato\u010dn\u00fa ochranu va\u0161im veciam v pr\u00edpade poliatia alebo nepriazniv\u00fdch poveternostn\u00fdch podmienok.<br \/>\n\u010ci u\u017e na ka\u017edodenn\u00e9 pou\u017eitie, cestovanie alebo ako dar\u010dek, t\u00e1to viac\u00fa\u010delov\u00e1 PU ta\u0161ka v lesklom preveden\u00ed je praktickou a elegantnou vo\u013ebou. Majte svoje z\u00e1kladn\u00e9 veci usporiadan\u00e9 a noste so sebou v\u0161etko, \u010do potrebujete \u0161t\u00fdlovo.<br \/>Zlo\u017eenie: PU ko\u017ea<\/p>","protected":false},"excerpt":{"rendered":"<p>The PU Leather multipurpose bag in a shiny finish is the perfect accessory to organise your personal care products and<\/p>","protected":false},"featured_media":13980,"comment_status":"open","ping_status":"closed","template":"","meta":[],"product_cat":[298,303],"product_tag":[],"class_list":{"0":"post-13979","1":"product","2":"type-product","3":"status-publish","4":"has-post-thumbnail","6":"product_cat-bags_travel","7":"product_cat-travel_accessories","9":"first","10":"instock","11":"shipping-taxable","12":"purchasable","13":"product-type-variable"},"_links":{"self":[{"href":"https:\/\/www.promotio.sk\/sk\/wp-json\/wp\/v2\/product\/13979","targetHints":{"allow":["GET"]}}],"collection":[{"href":"https:\/\/www.promotio.sk\/sk\/wp-json\/wp\/v2\/product"}],"about":[{"href":"https:\/\/www.promotio.sk\/sk\/wp-json\/wp\/v2\/types\/product"}],"replies":[{"embeddable":true,"href":"https:\/\/www.promotio.sk\/sk\/wp-json\/wp\/v2\/comments?post=13979"}],"wp:featuredmedia":[{"embeddable":true,"href":"https:\/\/www.promotio.sk\/sk\/wp-json\/wp\/v2\/media\/13980"}],"wp:attachment":[{"href":"https:\/\/www.promotio.sk\/sk\/wp-json\/wp\/v2\/media?parent=13979"}],"wp:term":[{"taxonomy":"product_cat","embeddable":true,"href":"https:\/\/www.promotio.sk\/sk\/wp-json\/wp\/v2\/product_cat?post=13979"},{"taxonomy":"product_tag","embeddable":true,"href":"https:\/\/www.promotio.sk\/sk\/wp-json\/wp\/v2\/product_tag?post=13979"}],"curies":[{"name":"wp","href":"https:\/\/api.w.org\/{rel}","templated":true}]}}