{"id":13968,"date":"2024-03-07T18:06:38","date_gmt":"2024-03-07T17:06:38","guid":{"rendered":"https:\/\/www.promotio.sk\/shop\/nezaraden\u00e9\/yuri\/"},"modified":"2024-03-07T18:07:36","modified_gmt":"2024-03-07T17:07:36","slug":"yuri","status":"publish","type":"product","link":"https:\/\/www.promotio.sk\/sk\/shop\/promo-items\/bags_travel\/bags_travel_backpack\/yuri\/","title":{"rendered":"YURI"},"content":{"rendered":"<p>Viac\u00fa\u010delov\u00e1 toaletn\u00e1 ta\u0161ka vyroben\u00e1 z recyklovan\u00e9ho polyesteru RPET 300D s energick\u00fdm dizajnom je dokonal\u00fdm rie\u0161en\u00edm, ako ma\u0165 svoje osobn\u00e9 veci usporiadan\u00e9 a dostupn\u00e9.<br \/>\nT\u00e1to toaletn\u00e1 ta\u0161ka vyroben\u00e1 z recyklovan\u00e9ho polyesteru RPET 300D je zodpovednou mo\u017enos\u0165ou, ktor\u00e1 prispieva k zn\u00ed\u017eeniu odpadu a starostlivosti o \u017eivotn\u00e9 prostredie. Jeho energick\u00fd dizajn dod\u00e1va modern\u00fd a atrakt\u00edvny n\u00e1dych.<br \/>\nVn\u00fatro toaletnej ta\u0161ky m\u00e1 tri priestrann\u00e9 priehradky, \u0161peci\u00e1lne navrhnut\u00e9 na ulo\u017eenie a usporiadanie va\u0161ich osobn\u00fdch vec\u00ed, ako je kozmetika, kefy, hrebene, kr\u00e9my a mnoho \u010fal\u0161ieho. Ka\u017ed\u00e1 priehradka m\u00e1 ide\u00e1lnu ve\u013ekos\u0165 na bezpe\u010dn\u00e9 ulo\u017eenie va\u0161ich vec\u00ed.<\/p>\n<p>\u010ci u\u017e ide o cestovanie, nosenie v ta\u0161ke alebo doma, t\u00e1to viac\u00fa\u010delov\u00e1 ta\u0161ka v\u00e1m poskytne praktickos\u0165 a organiz\u00e1ciu, ktor\u00fa potrebujete. Vyberte si udr\u017eate\u013en\u00fa a funk\u010dn\u00fa mo\u017enos\u0165 s viac\u00fa\u010delovou toaletnou ta\u0161kou vyrobenou z RPET 300D recyklovan\u00e9ho polyesteru s energick\u00fdm dizajnom.<br \/>Zlo\u017eenie: RPET<\/p>","protected":false},"excerpt":{"rendered":"<p>The multi-purpose toiletry bag made of RPET 300D recycled polyester with a vigore design is the perfect solution to keep<\/p>","protected":false},"featured_media":13969,"comment_status":"open","ping_status":"closed","template":"","meta":[],"product_cat":[299,298],"product_tag":[],"class_list":{"0":"post-13968","1":"product","2":"type-product","3":"status-publish","4":"has-post-thumbnail","6":"product_cat-bags_travel_backpack","7":"product_cat-bags_travel","9":"first","10":"instock","11":"shipping-taxable","12":"purchasable","13":"product-type-variable"},"_links":{"self":[{"href":"https:\/\/www.promotio.sk\/sk\/wp-json\/wp\/v2\/product\/13968","targetHints":{"allow":["GET"]}}],"collection":[{"href":"https:\/\/www.promotio.sk\/sk\/wp-json\/wp\/v2\/product"}],"about":[{"href":"https:\/\/www.promotio.sk\/sk\/wp-json\/wp\/v2\/types\/product"}],"replies":[{"embeddable":true,"href":"https:\/\/www.promotio.sk\/sk\/wp-json\/wp\/v2\/comments?post=13968"}],"wp:featuredmedia":[{"embeddable":true,"href":"https:\/\/www.promotio.sk\/sk\/wp-json\/wp\/v2\/media\/13969"}],"wp:attachment":[{"href":"https:\/\/www.promotio.sk\/sk\/wp-json\/wp\/v2\/media?parent=13968"}],"wp:term":[{"taxonomy":"product_cat","embeddable":true,"href":"https:\/\/www.promotio.sk\/sk\/wp-json\/wp\/v2\/product_cat?post=13968"},{"taxonomy":"product_tag","embeddable":true,"href":"https:\/\/www.promotio.sk\/sk\/wp-json\/wp\/v2\/product_tag?post=13968"}],"curies":[{"name":"wp","href":"https:\/\/api.w.org\/{rel}","templated":true}]}}