{"id":13959,"date":"2024-03-07T18:05:46","date_gmt":"2024-03-07T17:05:46","guid":{"rendered":"https:\/\/www.promotio.sk\/shop\/nezaraden\u00e9\/avira\/"},"modified":"2024-03-07T18:06:33","modified_gmt":"2024-03-07T17:06:33","slug":"avira","status":"publish","type":"product","link":"https:\/\/www.promotio.sk\/sk\/shop\/promo-items\/bags_travel\/travel_accessories\/avira\/","title":{"rendered":"AVIRA"},"content":{"rendered":"<p>Toaletn\u00e1 ta\u0161ti\u010dka vyroben\u00e1 z recyklovanej plsti s energick\u00fdm dizajnom je dokonal\u00fdm doplnkom na organizovanie va\u0161ich osobn\u00fdch v\u00fdrobkov udr\u017eate\u013en\u00fdm a \u0161t\u00fdlov\u00fdm sp\u00f4sobom. T\u00e1to toaletn\u00e1 ta\u0161ka vyroben\u00e1 z recyklovanej plsti pom\u00e1ha zni\u017eova\u0165 mno\u017estvo odpadu a \u0161etr\u00ed \u017eivotn\u00e9 prostredie.<\/p>\n<p>Dizajn vigore dod\u00e1va toaletnej ta\u0161ke modern\u00fd a atrakt\u00edvny vzh\u013ead, v\u010faka \u010domu je funk\u010dn\u00e1 a elegantn\u00e1. V\u010faka zodpovedaj\u00facej spone a rukov\u00e4ti m\u00f4\u017eete ta\u0161ku \u013eahko otv\u00e1ra\u0165 a zatv\u00e1ra\u0165, aby boli va\u0161e produkty v bezpe\u010d\u00ed a usporiadan\u00e9.<br \/>\nVn\u00fatri toaletn\u00e1 ta\u0161ti\u010dka pon\u00faka dostatok priestoru na ulo\u017eenie produktov osobnej starostlivosti, make-upu, toaletn\u00fdch potrieb alebo ak\u00e9hoko\u013evek in\u00e9ho predmetu, ktor\u00fd si chcete vzia\u0165 so sebou. Recyklovan\u00e1 pls\u0165 pou\u017eit\u00e1 v tejto ta\u0161ke je trvanliv\u00e1 a odoln\u00e1 a chr\u00e1ni va\u0161e produkty pred ak\u00fdmko\u013evek mo\u017en\u00fdm po\u0161koden\u00edm.<\/p>\n<p>Okrem toho, \u017ee je ekologick\u00fd a \u0161t\u00fdlov\u00fd. M\u00f4\u017eete ju nosi\u0165 v cestovnej ta\u0161ke, kufri alebo ju m\u00f4\u017eete pou\u017ei\u0165 len ako samostatn\u00fa toaletn\u00fa ta\u0161ti\u010dku. Vyberte si udr\u017eate\u013en\u00fa a \u0161t\u00fdlov\u00fa toaletn\u00fa ta\u0161ti\u010dku, ktor\u00e1 v\u00e1m pom\u00f4\u017ee usporiada\u0165 veci pomocou recyklovanej plstenej toaletnej ta\u0161ti\u010dky s energick\u00fdm dizajnom. Sp\u00e1ja funk\u010dnos\u0165, m\u00f3du a starostlivos\u0165 o \u017eivotn\u00e9 prostredie v jedinom doplnku.<br \/>Zlo\u017eenie: Recyklovan\u00e1 pls\u0165<\/p>","protected":false},"excerpt":{"rendered":"<p>The toiletry bag made of recycled felt with a vigore design is the perfect accessory to organise your personal products<\/p>","protected":false},"featured_media":13960,"comment_status":"open","ping_status":"closed","template":"","meta":[],"product_cat":[298,303],"product_tag":[],"class_list":{"0":"post-13959","1":"product","2":"type-product","3":"status-publish","4":"has-post-thumbnail","6":"product_cat-bags_travel","7":"product_cat-travel_accessories","9":"first","10":"instock","11":"shipping-taxable","12":"purchasable","13":"product-type-variable"},"_links":{"self":[{"href":"https:\/\/www.promotio.sk\/sk\/wp-json\/wp\/v2\/product\/13959","targetHints":{"allow":["GET"]}}],"collection":[{"href":"https:\/\/www.promotio.sk\/sk\/wp-json\/wp\/v2\/product"}],"about":[{"href":"https:\/\/www.promotio.sk\/sk\/wp-json\/wp\/v2\/types\/product"}],"replies":[{"embeddable":true,"href":"https:\/\/www.promotio.sk\/sk\/wp-json\/wp\/v2\/comments?post=13959"}],"wp:featuredmedia":[{"embeddable":true,"href":"https:\/\/www.promotio.sk\/sk\/wp-json\/wp\/v2\/media\/13960"}],"wp:attachment":[{"href":"https:\/\/www.promotio.sk\/sk\/wp-json\/wp\/v2\/media?parent=13959"}],"wp:term":[{"taxonomy":"product_cat","embeddable":true,"href":"https:\/\/www.promotio.sk\/sk\/wp-json\/wp\/v2\/product_cat?post=13959"},{"taxonomy":"product_tag","embeddable":true,"href":"https:\/\/www.promotio.sk\/sk\/wp-json\/wp\/v2\/product_tag?post=13959"}],"curies":[{"name":"wp","href":"https:\/\/api.w.org\/{rel}","templated":true}]}}