{"id":13952,"date":"2024-03-07T18:05:21","date_gmt":"2024-03-07T17:05:21","guid":{"rendered":"https:\/\/www.promotio.sk\/shop\/nezaraden\u00e9\/wesly\/"},"modified":"2024-03-07T18:05:42","modified_gmt":"2024-03-07T17:05:42","slug":"wesly","status":"publish","type":"product","link":"https:\/\/www.promotio.sk\/sk\/shop\/promo-items\/bags_travel\/travel_accessories\/wesly\/","title":{"rendered":"WESLY"},"content":{"rendered":"<p>Toaletn\u00e1 ta\u0161ka z recyklovan\u00e9ho denimu so zodpovedaj\u00facim zipsom.<br \/>Zlo\u017eenie: Tejido Vaquero<\/p>","protected":false},"excerpt":{"rendered":"<p>Toilet bag in recycled denim with matching zip fastening.Composition: Tejido Vaquero<\/p>","protected":false},"featured_media":13953,"comment_status":"open","ping_status":"closed","template":"","meta":[],"product_cat":[298,303],"product_tag":[],"class_list":{"0":"post-13952","1":"product","2":"type-product","3":"status-publish","4":"has-post-thumbnail","6":"product_cat-bags_travel","7":"product_cat-travel_accessories","9":"first","10":"instock","11":"shipping-taxable","12":"purchasable","13":"product-type-variable"},"_links":{"self":[{"href":"https:\/\/www.promotio.sk\/sk\/wp-json\/wp\/v2\/product\/13952","targetHints":{"allow":["GET"]}}],"collection":[{"href":"https:\/\/www.promotio.sk\/sk\/wp-json\/wp\/v2\/product"}],"about":[{"href":"https:\/\/www.promotio.sk\/sk\/wp-json\/wp\/v2\/types\/product"}],"replies":[{"embeddable":true,"href":"https:\/\/www.promotio.sk\/sk\/wp-json\/wp\/v2\/comments?post=13952"}],"wp:featuredmedia":[{"embeddable":true,"href":"https:\/\/www.promotio.sk\/sk\/wp-json\/wp\/v2\/media\/13953"}],"wp:attachment":[{"href":"https:\/\/www.promotio.sk\/sk\/wp-json\/wp\/v2\/media?parent=13952"}],"wp:term":[{"taxonomy":"product_cat","embeddable":true,"href":"https:\/\/www.promotio.sk\/sk\/wp-json\/wp\/v2\/product_cat?post=13952"},{"taxonomy":"product_tag","embeddable":true,"href":"https:\/\/www.promotio.sk\/sk\/wp-json\/wp\/v2\/product_tag?post=13952"}],"curies":[{"name":"wp","href":"https:\/\/api.w.org\/{rel}","templated":true}]}}