{"id":13924,"date":"2024-03-07T18:02:35","date_gmt":"2024-03-07T17:02:35","guid":{"rendered":"https:\/\/www.promotio.sk\/shop\/nezaraden\u00e9\/otawa\/"},"modified":"2024-03-07T18:04:07","modified_gmt":"2024-03-07T17:04:07","slug":"otawa","status":"publish","type":"product","link":"https:\/\/www.promotio.sk\/sk\/shop\/promo-items\/bags_travel\/bags_travel_backpack\/otawa\/","title":{"rendered":"OTAWA"},"content":{"rendered":"<p>\u0160portov\u00fd batoh z vysoko odoln\u00e9ho 210D ripstop nylonu. kapacita 30 litrov. Dvojit\u00fd hlavn\u00fd priestor so zap\u00ednan\u00edm na zips a vn\u00fatorn\u00e9 vreck\u00e1. Predn\u00fd priestor na elastick\u00fa bungee \u0161n\u00farku a bo\u010dn\u00e9 sie\u0165ovan\u00e9 vreck\u00e1. Polstrovan\u00fd chrb\u00e1t a ramenn\u00e9 popruhy. Vr\u00e1tane nastavite\u013en\u00e9ho bo\u010dn\u00e9ho popruhu.<br \/>Zlo\u017eenie: Nylon 210D<br \/>Pozn\u00e1mky: Kapacita 30L<\/p>","protected":false},"excerpt":{"rendered":"<p>Sports backpack in high-resistance 210D ripstop nylon. 30 litres capacity. Double main compartment with zip fastening and interior pockets. Front<\/p>","protected":false},"featured_media":13925,"comment_status":"open","ping_status":"closed","template":"","meta":[],"product_cat":[299,298],"product_tag":[],"class_list":{"0":"post-13924","1":"product","2":"type-product","3":"status-publish","4":"has-post-thumbnail","6":"product_cat-bags_travel_backpack","7":"product_cat-bags_travel","9":"first","10":"instock","11":"shipping-taxable","12":"purchasable","13":"product-type-variable"},"_links":{"self":[{"href":"https:\/\/www.promotio.sk\/sk\/wp-json\/wp\/v2\/product\/13924","targetHints":{"allow":["GET"]}}],"collection":[{"href":"https:\/\/www.promotio.sk\/sk\/wp-json\/wp\/v2\/product"}],"about":[{"href":"https:\/\/www.promotio.sk\/sk\/wp-json\/wp\/v2\/types\/product"}],"replies":[{"embeddable":true,"href":"https:\/\/www.promotio.sk\/sk\/wp-json\/wp\/v2\/comments?post=13924"}],"wp:featuredmedia":[{"embeddable":true,"href":"https:\/\/www.promotio.sk\/sk\/wp-json\/wp\/v2\/media\/13925"}],"wp:attachment":[{"href":"https:\/\/www.promotio.sk\/sk\/wp-json\/wp\/v2\/media?parent=13924"}],"wp:term":[{"taxonomy":"product_cat","embeddable":true,"href":"https:\/\/www.promotio.sk\/sk\/wp-json\/wp\/v2\/product_cat?post=13924"},{"taxonomy":"product_tag","embeddable":true,"href":"https:\/\/www.promotio.sk\/sk\/wp-json\/wp\/v2\/product_tag?post=13924"}],"curies":[{"name":"wp","href":"https:\/\/api.w.org\/{rel}","templated":true}]}}