{"id":13906,"date":"2024-03-07T18:00:52","date_gmt":"2024-03-07T17:00:52","guid":{"rendered":"https:\/\/www.promotio.sk\/shop\/nezaraden\u00e9\/misuri\/"},"modified":"2024-03-07T18:02:30","modified_gmt":"2024-03-07T17:02:30","slug":"misuri","status":"publish","type":"product","link":"https:\/\/www.promotio.sk\/sk\/shop\/promo-items\/bags_travel\/bags_travel_backpack\/misuri\/","title":{"rendered":"MISURI"},"content":{"rendered":"<p>\u0160portov\u00fd batoh z 600D polyesteru. Zap\u00ednanie na zips v hlavnom a prednom vrecku. Predn\u00e1 elastick\u00e1 bungee \u0161n\u00farka a bo\u010dn\u00e9 sie\u0165ovan\u00e9 vreck\u00e1. Polstrovan\u00fd chrb\u00e1t a ramenn\u00e9 popruhy.<br \/>Zlo\u017eenie: 600D polyester.<br \/>Pozn\u00e1mky: Kapacita: 18 l<\/p>","protected":false},"excerpt":{"rendered":"<p>Sports backpack in 600D polyester. Zip fastening in main and front pocket. Front elastic bungee cord and side mesh pockets.<\/p>","protected":false},"featured_media":13907,"comment_status":"open","ping_status":"closed","template":"","meta":[],"product_cat":[299,298],"product_tag":[],"class_list":{"0":"post-13906","1":"product","2":"type-product","3":"status-publish","4":"has-post-thumbnail","6":"product_cat-bags_travel_backpack","7":"product_cat-bags_travel","9":"first","10":"instock","11":"shipping-taxable","12":"purchasable","13":"product-type-variable"},"_links":{"self":[{"href":"https:\/\/www.promotio.sk\/sk\/wp-json\/wp\/v2\/product\/13906","targetHints":{"allow":["GET"]}}],"collection":[{"href":"https:\/\/www.promotio.sk\/sk\/wp-json\/wp\/v2\/product"}],"about":[{"href":"https:\/\/www.promotio.sk\/sk\/wp-json\/wp\/v2\/types\/product"}],"replies":[{"embeddable":true,"href":"https:\/\/www.promotio.sk\/sk\/wp-json\/wp\/v2\/comments?post=13906"}],"wp:featuredmedia":[{"embeddable":true,"href":"https:\/\/www.promotio.sk\/sk\/wp-json\/wp\/v2\/media\/13907"}],"wp:attachment":[{"href":"https:\/\/www.promotio.sk\/sk\/wp-json\/wp\/v2\/media?parent=13906"}],"wp:term":[{"taxonomy":"product_cat","embeddable":true,"href":"https:\/\/www.promotio.sk\/sk\/wp-json\/wp\/v2\/product_cat?post=13906"},{"taxonomy":"product_tag","embeddable":true,"href":"https:\/\/www.promotio.sk\/sk\/wp-json\/wp\/v2\/product_tag?post=13906"}],"curies":[{"name":"wp","href":"https:\/\/api.w.org\/{rel}","templated":true}]}}