{"id":13860,"date":"2024-03-07T17:56:40","date_gmt":"2024-03-07T16:56:40","guid":{"rendered":"https:\/\/www.promotio.sk\/shop\/nezaraden\u00e9\/narvik\/"},"modified":"2024-03-07T17:57:36","modified_gmt":"2024-03-07T16:57:36","slug":"narvik","status":"publish","type":"product","link":"https:\/\/www.promotio.sk\/sk\/shop\/promo-items\/bags_travel\/bags_travel_backpack\/narvik\/","title":{"rendered":"NARVIK"},"content":{"rendered":"<p>Batoh vyroben\u00fd z 300D polyesteru. Inovat\u00edvny dizajn v povrchovej \u00faprave OXFORD. Hlavn\u00e9 polstrovan\u00e9 vrecko, ide\u00e1lne na notebook, a dve predn\u00e9 vreck\u00e1 s elegantn\u00fdmi s\u0165ahova\u010dmi. Vstavan\u00fd port USB na pripojenie va\u0161ej nap\u00e1jacej banky (nie je s\u00fa\u010das\u0165ou dod\u00e1vky). Polstrovan\u00fd chrb\u00e1t a ramenn\u00e9 popruhy.<br \/>Zlo\u017eenie: 300D polyester.<br \/>Pozn\u00e1mky: Kapacita: 18 l<\/p>","protected":false},"excerpt":{"rendered":"<p>Backpack made of 300D polyester. Innovative design in an OXFORD finish. Main padded pocket, ideal for your laptop, and two<\/p>","protected":false},"featured_media":13861,"comment_status":"open","ping_status":"closed","template":"","meta":[],"product_cat":[299,298],"product_tag":[],"class_list":{"0":"post-13860","1":"product","2":"type-product","3":"status-publish","4":"has-post-thumbnail","6":"product_cat-bags_travel_backpack","7":"product_cat-bags_travel","9":"first","10":"instock","11":"shipping-taxable","12":"purchasable","13":"product-type-variable"},"_links":{"self":[{"href":"https:\/\/www.promotio.sk\/sk\/wp-json\/wp\/v2\/product\/13860","targetHints":{"allow":["GET"]}}],"collection":[{"href":"https:\/\/www.promotio.sk\/sk\/wp-json\/wp\/v2\/product"}],"about":[{"href":"https:\/\/www.promotio.sk\/sk\/wp-json\/wp\/v2\/types\/product"}],"replies":[{"embeddable":true,"href":"https:\/\/www.promotio.sk\/sk\/wp-json\/wp\/v2\/comments?post=13860"}],"wp:featuredmedia":[{"embeddable":true,"href":"https:\/\/www.promotio.sk\/sk\/wp-json\/wp\/v2\/media\/13861"}],"wp:attachment":[{"href":"https:\/\/www.promotio.sk\/sk\/wp-json\/wp\/v2\/media?parent=13860"}],"wp:term":[{"taxonomy":"product_cat","embeddable":true,"href":"https:\/\/www.promotio.sk\/sk\/wp-json\/wp\/v2\/product_cat?post=13860"},{"taxonomy":"product_tag","embeddable":true,"href":"https:\/\/www.promotio.sk\/sk\/wp-json\/wp\/v2\/product_tag?post=13860"}],"curies":[{"name":"wp","href":"https:\/\/api.w.org\/{rel}","templated":true}]}}