{"id":13852,"date":"2024-03-07T17:55:56","date_gmt":"2024-03-07T16:55:56","guid":{"rendered":"https:\/\/www.promotio.sk\/shop\/nezaraden\u00e9\/sidney\/"},"modified":"2024-03-07T17:56:38","modified_gmt":"2024-03-07T16:56:38","slug":"sidney","status":"publish","type":"product","link":"https:\/\/www.promotio.sk\/sk\/shop\/promo-items\/bags_travel\/bags_travel_backpack\/sidney\/","title":{"rendered":"SIDNEY"},"content":{"rendered":"<p>Polyesterov\u00fd batoh 600D RPET v preveden\u00ed vres. Polstrovan\u00e9 telo a vn\u00fatorn\u00e9 vreck\u00e1 na notebook a tablet. Dvojit\u00e9 oddelenie a bo\u010dn\u00e9 vreck\u00e1. Polstrovan\u00e9 ramenn\u00e9 popruhy.<br \/>Zlo\u017eenie: Recyklovan\u00fd polyester RPET.<br \/>Pozn\u00e1mky: Kapacita: 15 l<\/p>","protected":false},"excerpt":{"rendered":"<p>600D RPET polyester backpack in heather design. Padded body and interior pockets for laptops and tablets. Double compartment and side<\/p>","protected":false},"featured_media":13853,"comment_status":"open","ping_status":"closed","template":"","meta":[],"product_cat":[299,298],"product_tag":[],"class_list":{"0":"post-13852","1":"product","2":"type-product","3":"status-publish","4":"has-post-thumbnail","6":"product_cat-bags_travel_backpack","7":"product_cat-bags_travel","9":"first","10":"instock","11":"shipping-taxable","12":"purchasable","13":"product-type-variable"},"_links":{"self":[{"href":"https:\/\/www.promotio.sk\/sk\/wp-json\/wp\/v2\/product\/13852","targetHints":{"allow":["GET"]}}],"collection":[{"href":"https:\/\/www.promotio.sk\/sk\/wp-json\/wp\/v2\/product"}],"about":[{"href":"https:\/\/www.promotio.sk\/sk\/wp-json\/wp\/v2\/types\/product"}],"replies":[{"embeddable":true,"href":"https:\/\/www.promotio.sk\/sk\/wp-json\/wp\/v2\/comments?post=13852"}],"wp:featuredmedia":[{"embeddable":true,"href":"https:\/\/www.promotio.sk\/sk\/wp-json\/wp\/v2\/media\/13853"}],"wp:attachment":[{"href":"https:\/\/www.promotio.sk\/sk\/wp-json\/wp\/v2\/media?parent=13852"}],"wp:term":[{"taxonomy":"product_cat","embeddable":true,"href":"https:\/\/www.promotio.sk\/sk\/wp-json\/wp\/v2\/product_cat?post=13852"},{"taxonomy":"product_tag","embeddable":true,"href":"https:\/\/www.promotio.sk\/sk\/wp-json\/wp\/v2\/product_tag?post=13852"}],"curies":[{"name":"wp","href":"https:\/\/api.w.org\/{rel}","templated":true}]}}