{"id":13751,"date":"2024-03-07T17:46:50","date_gmt":"2024-03-07T16:46:50","guid":{"rendered":"https:\/\/www.promotio.sk\/shop\/nezaraden\u00e9\/gregor\/"},"modified":"2024-03-07T17:47:57","modified_gmt":"2024-03-07T16:47:57","slug":"gregor","status":"publish","type":"product","link":"https:\/\/www.promotio.sk\/sk\/shop\/promo-items\/bags_travel\/bags_travel_backpack\/gregor\/","title":{"rendered":"GREGOR"},"content":{"rendered":"<p>Polyesterov\u00fd batoh RPET 600D s vresovou \u00fapravou. Hlavn\u00e9 polstrovan\u00e9 vrecko, ide\u00e1lne pre v\u00e1\u0161 notebook alebo tablet. Vstavan\u00fd port USB na pripojenie va\u0161ej nap\u00e1jacej banky (nie je s\u00fa\u010das\u0165ou dod\u00e1vky). Predn\u00e9 a bo\u010dn\u00e9 vreck\u00e1. Polstrovan\u00e9 ramenn\u00e9 popruhy a chrb\u00e1t.<br \/>\n<br \/>Zlo\u017eenie: Recyklovan\u00fd polyester RPET.<br \/>Pozn\u00e1mky: Kapacita: 15 l<\/p>","protected":false},"excerpt":{"rendered":"<p>RPET 600D polyester backpack in heather finish. Main padded pocket, ideal for your laptop or tablet. Built-in USB port to<\/p>","protected":false},"featured_media":13752,"comment_status":"open","ping_status":"closed","template":"","meta":[],"product_cat":[299,298],"product_tag":[],"class_list":{"0":"post-13751","1":"product","2":"type-product","3":"status-publish","4":"has-post-thumbnail","6":"product_cat-bags_travel_backpack","7":"product_cat-bags_travel","9":"first","10":"instock","11":"shipping-taxable","12":"purchasable","13":"product-type-variable"},"_links":{"self":[{"href":"https:\/\/www.promotio.sk\/sk\/wp-json\/wp\/v2\/product\/13751","targetHints":{"allow":["GET"]}}],"collection":[{"href":"https:\/\/www.promotio.sk\/sk\/wp-json\/wp\/v2\/product"}],"about":[{"href":"https:\/\/www.promotio.sk\/sk\/wp-json\/wp\/v2\/types\/product"}],"replies":[{"embeddable":true,"href":"https:\/\/www.promotio.sk\/sk\/wp-json\/wp\/v2\/comments?post=13751"}],"wp:featuredmedia":[{"embeddable":true,"href":"https:\/\/www.promotio.sk\/sk\/wp-json\/wp\/v2\/media\/13752"}],"wp:attachment":[{"href":"https:\/\/www.promotio.sk\/sk\/wp-json\/wp\/v2\/media?parent=13751"}],"wp:term":[{"taxonomy":"product_cat","embeddable":true,"href":"https:\/\/www.promotio.sk\/sk\/wp-json\/wp\/v2\/product_cat?post=13751"},{"taxonomy":"product_tag","embeddable":true,"href":"https:\/\/www.promotio.sk\/sk\/wp-json\/wp\/v2\/product_tag?post=13751"}],"curies":[{"name":"wp","href":"https:\/\/api.w.org\/{rel}","templated":true}]}}