{"id":13725,"date":"2024-03-07T17:44:29","date_gmt":"2024-03-07T16:44:29","guid":{"rendered":"https:\/\/www.promotio.sk\/shop\/nezaraden\u00e9\/malmo\/"},"modified":"2024-03-07T17:45:30","modified_gmt":"2024-03-07T16:45:30","slug":"malmo","status":"publish","type":"product","link":"https:\/\/www.promotio.sk\/sk\/shop\/promo-items\/bags_travel\/bags_travel_backpack\/malmo\/","title":{"rendered":"MALMO"},"content":{"rendered":"<p>Batoh vyroben\u00fd z 600D RPET recyklovan\u00e9ho polyesteru s vresovou \u00fapravou. Polstrovan\u00e9 telo a vn\u00fatorn\u00e9 vrecko, ide\u00e1lne pre v\u00e1\u0161 notebook. Dvojit\u00e9 oddelenie s vodeodoln\u00fdm zipsom a vonkaj\u0161\u00edm vreckom. Polstrovan\u00e9 ramenn\u00e9 popruhy a popruh na voz\u00edk.  <br \/>Zlo\u017eenie: RPET<br \/>Pozn\u00e1mky: Kapacita priehradky na 13\u2033 notebook.<\/p>","protected":false},"excerpt":{"rendered":"<p>Backpack made from 600D RPET recycled polyester with heather finish. Padded body and interior pocket, ideal for your laptop. Double<\/p>","protected":false},"featured_media":13726,"comment_status":"open","ping_status":"closed","template":"","meta":[],"product_cat":[299,298],"product_tag":[],"class_list":{"0":"post-13725","1":"product","2":"type-product","3":"status-publish","4":"has-post-thumbnail","6":"product_cat-bags_travel_backpack","7":"product_cat-bags_travel","9":"first","10":"instock","11":"shipping-taxable","12":"purchasable","13":"product-type-variable"},"_links":{"self":[{"href":"https:\/\/www.promotio.sk\/sk\/wp-json\/wp\/v2\/product\/13725","targetHints":{"allow":["GET"]}}],"collection":[{"href":"https:\/\/www.promotio.sk\/sk\/wp-json\/wp\/v2\/product"}],"about":[{"href":"https:\/\/www.promotio.sk\/sk\/wp-json\/wp\/v2\/types\/product"}],"replies":[{"embeddable":true,"href":"https:\/\/www.promotio.sk\/sk\/wp-json\/wp\/v2\/comments?post=13725"}],"wp:featuredmedia":[{"embeddable":true,"href":"https:\/\/www.promotio.sk\/sk\/wp-json\/wp\/v2\/media\/13726"}],"wp:attachment":[{"href":"https:\/\/www.promotio.sk\/sk\/wp-json\/wp\/v2\/media?parent=13725"}],"wp:term":[{"taxonomy":"product_cat","embeddable":true,"href":"https:\/\/www.promotio.sk\/sk\/wp-json\/wp\/v2\/product_cat?post=13725"},{"taxonomy":"product_tag","embeddable":true,"href":"https:\/\/www.promotio.sk\/sk\/wp-json\/wp\/v2\/product_tag?post=13725"}],"curies":[{"name":"wp","href":"https:\/\/api.w.org\/{rel}","templated":true}]}}