{"id":13685,"date":"2024-03-07T17:40:55","date_gmt":"2024-03-07T16:40:55","guid":{"rendered":"https:\/\/www.promotio.sk\/shop\/nezaraden\u00e9\/lombok\/"},"modified":"2024-03-07T20:39:37","modified_gmt":"2024-03-07T19:39:37","slug":"lombok","status":"publish","type":"product","link":"https:\/\/www.promotio.sk\/sk\/shop\/promo-items\/bags_travel\/cooler_bags\/lombok\/","title":{"rendered":"LOMBOK"},"content":{"rendered":"<p>Chladnej\u0161\u00ed batoh z RPET. Izotermick\u00e1 pod\u0161\u00edvka v hlavnej komore a vrecko na chlopni. Bo\u010dn\u00e9 sie\u0165ovan\u00e9 vreck\u00e1. Kapacita 18 litrov. Polstrovan\u00fd chrb\u00e1t a ramenn\u00e9 popruhy. <br \/>Zlo\u017eenie: RPET<br \/>Pozn\u00e1mky: Kapacita 18L<\/p>","protected":false},"excerpt":{"rendered":"<p>Cooler backpack in RPET. Isothermal lining in main compartment and pocket in flap. Side mesh pockets. 18 litres capacity. Padded<\/p>","protected":false},"featured_media":13686,"comment_status":"open","ping_status":"closed","template":"","meta":[],"product_cat":[298,305],"product_tag":[],"class_list":{"0":"post-13685","1":"product","2":"type-product","3":"status-publish","4":"has-post-thumbnail","6":"product_cat-bags_travel","7":"product_cat-cooler_bags","9":"first","10":"instock","11":"shipping-taxable","12":"purchasable","13":"product-type-variable"},"_links":{"self":[{"href":"https:\/\/www.promotio.sk\/sk\/wp-json\/wp\/v2\/product\/13685","targetHints":{"allow":["GET"]}}],"collection":[{"href":"https:\/\/www.promotio.sk\/sk\/wp-json\/wp\/v2\/product"}],"about":[{"href":"https:\/\/www.promotio.sk\/sk\/wp-json\/wp\/v2\/types\/product"}],"replies":[{"embeddable":true,"href":"https:\/\/www.promotio.sk\/sk\/wp-json\/wp\/v2\/comments?post=13685"}],"wp:featuredmedia":[{"embeddable":true,"href":"https:\/\/www.promotio.sk\/sk\/wp-json\/wp\/v2\/media\/13686"}],"wp:attachment":[{"href":"https:\/\/www.promotio.sk\/sk\/wp-json\/wp\/v2\/media?parent=13685"}],"wp:term":[{"taxonomy":"product_cat","embeddable":true,"href":"https:\/\/www.promotio.sk\/sk\/wp-json\/wp\/v2\/product_cat?post=13685"},{"taxonomy":"product_tag","embeddable":true,"href":"https:\/\/www.promotio.sk\/sk\/wp-json\/wp\/v2\/product_tag?post=13685"}],"curies":[{"name":"wp","href":"https:\/\/api.w.org\/{rel}","templated":true}]}}