{"id":13671,"date":"2024-03-07T17:39:43","date_gmt":"2024-03-07T16:39:43","guid":{"rendered":"https:\/\/www.promotio.sk\/shop\/nezaraden\u00e9\/sakra\/"},"modified":"2024-03-07T17:40:53","modified_gmt":"2024-03-07T16:40:53","slug":"sakra","status":"publish","type":"product","link":"https:\/\/www.promotio.sk\/sk\/shop\/promo-items\/bags_travel\/bags_travel_backpack\/sakra\/","title":{"rendered":"SAKRA"},"content":{"rendered":"<p>Chladnej\u0161\u00ed batoh z 210D ripstop polyesteru. Izotermick\u00e1 pod\u0161\u00edvka v hlavn\u00fdch a predn\u00fdch vreck\u00e1ch. Predn\u00fd priestor na elastick\u00fa bungee \u0161n\u00farku a bo\u010dn\u00e9 sie\u0165ovan\u00e9 vreck\u00e1. Kapacita 18 litrov. Polstrovan\u00fd chrb\u00e1t a ramenn\u00e9 popruhy.<br \/>Zlo\u017eenie: Polyester<br \/>Pozn\u00e1mky: Kapacita 18L.<br \/>\nEspalda y tiras acolchadas.<\/p>","protected":false},"excerpt":{"rendered":"<p>Cooler backpack in 210D ripstop polyester. Isothermal lining in main and front pockets. Front elastic bungee cord compartment and side<\/p>","protected":false},"featured_media":13672,"comment_status":"open","ping_status":"closed","template":"","meta":[],"product_cat":[299,298,305],"product_tag":[],"class_list":{"0":"post-13671","1":"product","2":"type-product","3":"status-publish","4":"has-post-thumbnail","6":"product_cat-bags_travel_backpack","7":"product_cat-bags_travel","8":"product_cat-cooler_bags","10":"first","11":"instock","12":"shipping-taxable","13":"purchasable","14":"product-type-variable"},"_links":{"self":[{"href":"https:\/\/www.promotio.sk\/sk\/wp-json\/wp\/v2\/product\/13671","targetHints":{"allow":["GET"]}}],"collection":[{"href":"https:\/\/www.promotio.sk\/sk\/wp-json\/wp\/v2\/product"}],"about":[{"href":"https:\/\/www.promotio.sk\/sk\/wp-json\/wp\/v2\/types\/product"}],"replies":[{"embeddable":true,"href":"https:\/\/www.promotio.sk\/sk\/wp-json\/wp\/v2\/comments?post=13671"}],"wp:featuredmedia":[{"embeddable":true,"href":"https:\/\/www.promotio.sk\/sk\/wp-json\/wp\/v2\/media\/13672"}],"wp:attachment":[{"href":"https:\/\/www.promotio.sk\/sk\/wp-json\/wp\/v2\/media?parent=13671"}],"wp:term":[{"taxonomy":"product_cat","embeddable":true,"href":"https:\/\/www.promotio.sk\/sk\/wp-json\/wp\/v2\/product_cat?post=13671"},{"taxonomy":"product_tag","embeddable":true,"href":"https:\/\/www.promotio.sk\/sk\/wp-json\/wp\/v2\/product_tag?post=13671"}],"curies":[{"name":"wp","href":"https:\/\/api.w.org\/{rel}","templated":true}]}}