{"id":13658,"date":"2024-03-07T17:38:37","date_gmt":"2024-03-07T16:38:37","guid":{"rendered":"https:\/\/www.promotio.sk\/shop\/nezaraden\u00e9\/brest\/"},"modified":"2024-03-07T17:39:41","modified_gmt":"2024-03-07T16:39:41","slug":"brest","status":"publish","type":"product","link":"https:\/\/www.promotio.sk\/sk\/shop\/promo-items\/bags_travel\/bags_travel_backpack\/brest\/","title":{"rendered":"BREST"},"content":{"rendered":"<p>Vrecko na \u0161n\u00farky z organickej bavlny 100% (140 g\/m2) so \u0161n\u00farkami v pr\u00edrodnej farbe.<br \/>Zlo\u017eenie: 100% algod\u00f3n organico s hmotnos\u0165ou 140 g\/m\u00b2<\/p>","protected":false},"excerpt":{"rendered":"<p>Drawstring bag in 100% organic cotton (140 gsm), with strings in natural colour.Composition: 100% de algod\u00f3n org\u00e1nico de 140 g\/m\u00b2<\/p>","protected":false},"featured_media":13659,"comment_status":"open","ping_status":"closed","template":"","meta":[],"product_cat":[299,298],"product_tag":[],"class_list":{"0":"post-13658","1":"product","2":"type-product","3":"status-publish","4":"has-post-thumbnail","6":"product_cat-bags_travel_backpack","7":"product_cat-bags_travel","9":"first","10":"instock","11":"shipping-taxable","12":"purchasable","13":"product-type-variable"},"_links":{"self":[{"href":"https:\/\/www.promotio.sk\/sk\/wp-json\/wp\/v2\/product\/13658","targetHints":{"allow":["GET"]}}],"collection":[{"href":"https:\/\/www.promotio.sk\/sk\/wp-json\/wp\/v2\/product"}],"about":[{"href":"https:\/\/www.promotio.sk\/sk\/wp-json\/wp\/v2\/types\/product"}],"replies":[{"embeddable":true,"href":"https:\/\/www.promotio.sk\/sk\/wp-json\/wp\/v2\/comments?post=13658"}],"wp:featuredmedia":[{"embeddable":true,"href":"https:\/\/www.promotio.sk\/sk\/wp-json\/wp\/v2\/media\/13659"}],"wp:attachment":[{"href":"https:\/\/www.promotio.sk\/sk\/wp-json\/wp\/v2\/media?parent=13658"}],"wp:term":[{"taxonomy":"product_cat","embeddable":true,"href":"https:\/\/www.promotio.sk\/sk\/wp-json\/wp\/v2\/product_cat?post=13658"},{"taxonomy":"product_tag","embeddable":true,"href":"https:\/\/www.promotio.sk\/sk\/wp-json\/wp\/v2\/product_tag?post=13658"}],"curies":[{"name":"wp","href":"https:\/\/api.w.org\/{rel}","templated":true}]}}