{"id":13634,"date":"2024-03-07T17:36:18","date_gmt":"2024-03-07T16:36:18","guid":{"rendered":"https:\/\/www.promotio.sk\/shop\/nezaraden\u00e9\/warka\/"},"modified":"2024-03-07T17:37:15","modified_gmt":"2024-03-07T16:37:15","slug":"warka","status":"publish","type":"product","link":"https:\/\/www.promotio.sk\/sk\/shop\/promo-items\/bags_travel\/bags_travel_backpack\/warka\/","title":{"rendered":"WARKA"},"content":{"rendered":"<p>Cestovn\u00fd batoh z 300D polyesteru. Dve hlavn\u00e9 polstrovan\u00e9 vreck\u00e1 s vn\u00fatorn\u00fdmi priehradkami a perfektn\u00e9 vreck\u00e1 na notebook alebo tablet. Polstrovan\u00fd chrb\u00e1t a ramenn\u00e9 popruhy. Remienok zakr\u00fdvaj\u00faci vrecko a remienok na voz\u00edk.<br \/>Zlo\u017eenie: Polyester<br \/>Pozn\u00e1mky: Kapacita: 16 l<\/p>","protected":false},"excerpt":{"rendered":"<p>Executive travel backpack in 300D polyester. Two main padded pockets with interior compartments and perfect pockets for laptops or tablets.<\/p>","protected":false},"featured_media":13635,"comment_status":"open","ping_status":"closed","template":"","meta":[],"product_cat":[299,298],"product_tag":[],"class_list":{"0":"post-13634","1":"product","2":"type-product","3":"status-publish","4":"has-post-thumbnail","6":"product_cat-bags_travel_backpack","7":"product_cat-bags_travel","9":"first","10":"instock","11":"shipping-taxable","12":"purchasable","13":"product-type-variable"},"_links":{"self":[{"href":"https:\/\/www.promotio.sk\/sk\/wp-json\/wp\/v2\/product\/13634","targetHints":{"allow":["GET"]}}],"collection":[{"href":"https:\/\/www.promotio.sk\/sk\/wp-json\/wp\/v2\/product"}],"about":[{"href":"https:\/\/www.promotio.sk\/sk\/wp-json\/wp\/v2\/types\/product"}],"replies":[{"embeddable":true,"href":"https:\/\/www.promotio.sk\/sk\/wp-json\/wp\/v2\/comments?post=13634"}],"wp:featuredmedia":[{"embeddable":true,"href":"https:\/\/www.promotio.sk\/sk\/wp-json\/wp\/v2\/media\/13635"}],"wp:attachment":[{"href":"https:\/\/www.promotio.sk\/sk\/wp-json\/wp\/v2\/media?parent=13634"}],"wp:term":[{"taxonomy":"product_cat","embeddable":true,"href":"https:\/\/www.promotio.sk\/sk\/wp-json\/wp\/v2\/product_cat?post=13634"},{"taxonomy":"product_tag","embeddable":true,"href":"https:\/\/www.promotio.sk\/sk\/wp-json\/wp\/v2\/product_tag?post=13634"}],"curies":[{"name":"wp","href":"https:\/\/api.w.org\/{rel}","templated":true}]}}