{"id":13609,"date":"2024-03-07T17:34:01","date_gmt":"2024-03-07T16:34:01","guid":{"rendered":"https:\/\/www.promotio.sk\/shop\/nezaraden\u00e9\/brunen\/"},"modified":"2024-03-07T17:35:18","modified_gmt":"2024-03-07T16:35:18","slug":"brunen","status":"publish","type":"product","link":"https:\/\/www.promotio.sk\/sk\/shop\/promo-items\/bags_travel\/bags_travel_backpack\/brunen\/","title":{"rendered":"BRUNEN"},"content":{"rendered":"<p>Batoh z PU ko\u017ee a 600D RPET polyesteru. Hlavn\u00e1 priehradka s vn\u00fatorn\u00fdm polstrovan\u00fdm vreckom na 15&quot; notebook. Predn\u00e9 vrecko. Polstrovan\u00fd chrb\u00e1t a ramenn\u00e9 popruhy.<br \/>Zlo\u017eenie: PU ko\u017ea a RPET<br \/>Pozn\u00e1mky: Kapacita: 12 l<\/p>","protected":false},"excerpt":{"rendered":"<p>Backpack in PU leather and 600D RPET polyester. Main compartment with interior padded 15&#8221; laptop pocket. Front pocket. Padded back<\/p>","protected":false},"featured_media":13610,"comment_status":"open","ping_status":"closed","template":"","meta":[],"product_cat":[299,298],"product_tag":[],"class_list":{"0":"post-13609","1":"product","2":"type-product","3":"status-publish","4":"has-post-thumbnail","6":"product_cat-bags_travel_backpack","7":"product_cat-bags_travel","9":"first","10":"instock","11":"shipping-taxable","12":"purchasable","13":"product-type-variable"},"_links":{"self":[{"href":"https:\/\/www.promotio.sk\/sk\/wp-json\/wp\/v2\/product\/13609","targetHints":{"allow":["GET"]}}],"collection":[{"href":"https:\/\/www.promotio.sk\/sk\/wp-json\/wp\/v2\/product"}],"about":[{"href":"https:\/\/www.promotio.sk\/sk\/wp-json\/wp\/v2\/types\/product"}],"replies":[{"embeddable":true,"href":"https:\/\/www.promotio.sk\/sk\/wp-json\/wp\/v2\/comments?post=13609"}],"wp:featuredmedia":[{"embeddable":true,"href":"https:\/\/www.promotio.sk\/sk\/wp-json\/wp\/v2\/media\/13610"}],"wp:attachment":[{"href":"https:\/\/www.promotio.sk\/sk\/wp-json\/wp\/v2\/media?parent=13609"}],"wp:term":[{"taxonomy":"product_cat","embeddable":true,"href":"https:\/\/www.promotio.sk\/sk\/wp-json\/wp\/v2\/product_cat?post=13609"},{"taxonomy":"product_tag","embeddable":true,"href":"https:\/\/www.promotio.sk\/sk\/wp-json\/wp\/v2\/product_tag?post=13609"}],"curies":[{"name":"wp","href":"https:\/\/api.w.org\/{rel}","templated":true}]}}