{"id":13542,"date":"2024-03-07T17:28:04","date_gmt":"2024-03-07T16:28:04","guid":{"rendered":"https:\/\/www.promotio.sk\/shop\/nezaraden\u00e9\/patrik\/"},"modified":"2024-03-07T17:28:55","modified_gmt":"2024-03-07T16:28:55","slug":"patrik","status":"publish","type":"product","link":"https:\/\/www.promotio.sk\/sk\/shop\/promo-items\/bags_travel\/bags_travel_backpack\/patrik\/","title":{"rendered":"PATRIK"},"content":{"rendered":"<p>Mana\u017e\u00e9rsky batoh RPET 300D z recyklovan\u00e9ho polyesteru s dizajnom Vigore je perfektnou vo\u013ebou pre profesion\u00e1lov, ktor\u00ed h\u013eadaj\u00fa kombin\u00e1ciu \u0161t\u00fdlu, funk\u010dnosti a udr\u017eate\u013enosti. Tento batoh je vyroben\u00fd z recyklovan\u00fdch materi\u00e1lov a je ekologickou vo\u013ebou.<br \/>\nTelo a hlavn\u00e9 vn\u00fatorn\u00e9 vrecko s\u00fa polstrovan\u00e9, aby poskytovali optim\u00e1lnu ochranu pre v\u00e1\u0161 13-palcov\u00fd notebook alebo tablet, v\u010faka \u010domu ich budete na cest\u00e1ch bezpe\u010dne nosi\u0165 a chr\u00e1ni\u0165 pred n\u00e1razmi. Okrem toho m\u00e1 trojit\u00fd priestor a bo\u010dn\u00e9 vreck\u00e1, ktor\u00e9 v\u00e1m pom\u00f4\u017eu udr\u017ea\u0165 va\u0161e veci usporiadan\u00e9 a na dosah ruky.<br \/>\nPolstrovan\u00e9 rukov\u00e4te a chrb\u00e1t poskytuj\u00fa celodenn\u00e9 pohodlie, a to aj pri nosen\u00ed \u0165a\u017ek\u00fdch bremien.<br \/>\n Popruh na kolieskach v\u00e1m umo\u017e\u0148uje pripevni\u0165 batoh k kufru na kolieskach, \u010do u\u013eah\u010duje pohyb po letisk\u00e1ch a staniciach.<br \/>\nOkrem funk\u010dnosti a udr\u017eate\u013enosti sa tento batoh vyzna\u010duje aj energick\u00fdm dizajnom, ktor\u00fd mu dod\u00e1va modern\u00fd a atrakt\u00edvny vzh\u013ead. \u010ci u\u017e ide o doch\u00e1dzanie do pr\u00e1ce, cestovanie alebo \u00fa\u010das\u0165 na obchodn\u00fdch stretnutiach, tento batoh v\u00e1m poskytne \u0161t\u00fdl, pohodlie a pokoj v du\u0161i s vedom\u00edm, \u017ee rob\u00edte ekologicky zodpovedn\u00fa vo\u013ebu.<br \/>\nZvo\u013ete si biznis batoh z recyklovan\u00e9ho polyesteru RPET 300D s energick\u00fdm dizajnom a noste svoje veci \u0161t\u00fdlovo a z\u00e1rove\u0148 prispievajte k ochrane plan\u00e9ty.<br \/>Zlo\u017eenie: RPET<\/p>","protected":false},"excerpt":{"rendered":"<p>The RPET 300D executive backpack in recycled polyester with a vigore design is the perfect choice for professionals looking to<\/p>","protected":false},"featured_media":13543,"comment_status":"open","ping_status":"closed","template":"","meta":[],"product_cat":[299,298],"product_tag":[],"class_list":{"0":"post-13542","1":"product","2":"type-product","3":"status-publish","4":"has-post-thumbnail","6":"product_cat-bags_travel_backpack","7":"product_cat-bags_travel","9":"first","10":"instock","11":"shipping-taxable","12":"purchasable","13":"product-type-variable"},"_links":{"self":[{"href":"https:\/\/www.promotio.sk\/sk\/wp-json\/wp\/v2\/product\/13542","targetHints":{"allow":["GET"]}}],"collection":[{"href":"https:\/\/www.promotio.sk\/sk\/wp-json\/wp\/v2\/product"}],"about":[{"href":"https:\/\/www.promotio.sk\/sk\/wp-json\/wp\/v2\/types\/product"}],"replies":[{"embeddable":true,"href":"https:\/\/www.promotio.sk\/sk\/wp-json\/wp\/v2\/comments?post=13542"}],"wp:featuredmedia":[{"embeddable":true,"href":"https:\/\/www.promotio.sk\/sk\/wp-json\/wp\/v2\/media\/13543"}],"wp:attachment":[{"href":"https:\/\/www.promotio.sk\/sk\/wp-json\/wp\/v2\/media?parent=13542"}],"wp:term":[{"taxonomy":"product_cat","embeddable":true,"href":"https:\/\/www.promotio.sk\/sk\/wp-json\/wp\/v2\/product_cat?post=13542"},{"taxonomy":"product_tag","embeddable":true,"href":"https:\/\/www.promotio.sk\/sk\/wp-json\/wp\/v2\/product_tag?post=13542"}],"curies":[{"name":"wp","href":"https:\/\/api.w.org\/{rel}","templated":true}]}}