{"id":13530,"date":"2024-03-07T17:26:58","date_gmt":"2024-03-07T16:26:58","guid":{"rendered":"https:\/\/www.promotio.sk\/shop\/nezaraden\u00e9\/kiton\/"},"modified":"2024-03-07T17:28:00","modified_gmt":"2024-03-07T16:28:00","slug":"kiton","status":"publish","type":"product","link":"https:\/\/www.promotio.sk\/sk\/shop\/promo-items\/bags_travel\/bags_travel_backpack\/kiton\/","title":{"rendered":"KITON"},"content":{"rendered":"<p>Batoh vyroben\u00fd z recyklovan\u00e9ho polyesteru RPET 600D, ktor\u00fd kombinuje energick\u00fd dizajn s detailmi z PU ko\u017ee. Tento batoh je nielen \u0161t\u00fdlov\u00fd, ale aj ekologick\u00fd.<\/p>\n<p>Vn\u00fatri n\u00e1jdete ve\u013ek\u00fa hlavn\u00fa priehradku a polstrovan\u00e9 vrecko ur\u010den\u00e9 na ochranu v\u00e1\u0161ho 15&quot; notebooku. Navy\u0161e m\u00e1 polstrovan\u00e9 vonkaj\u0161ie vrecko na bezpe\u010dn\u00e9 ulo\u017eenie osobn\u00fdch vec\u00ed.<\/p>\n<p>Pre celodenn\u00e9 pohodlie s\u00fa rukov\u00e4te a zadn\u00e1 \u010das\u0165 batohu polstrovan\u00e9, pon\u00fakaj\u00fa ergonomick\u00e9 prisp\u00f4sobenie a zni\u017euj\u00fa tlak na va\u0161e ramen\u00e1.<\/p>\n<p>Navy\u0161e obsahuje praktick\u00fd popruh na voz\u00edk, ktor\u00fd v\u00e1m umo\u017en\u00ed pripevni\u0165 si ho na pr\u00edru\u010dn\u00fa bato\u017einu, ke\u010f cestujete.<\/p>\n<p>Skombinujte \u0161t\u00fdl, funk\u010dnos\u0165 a udr\u017eate\u013enos\u0165 s na\u0161\u00edm batohom z recyklovan\u00e9ho polyesteru RPET 600D s energick\u00fdm dizajnom a detailmi z PU ko\u017ee. Noste svoje veci bezpe\u010dne a s oh\u013eadom na \u017eivotn\u00e9 prostredie.<br \/>Zlo\u017eenie: RPET<\/p>","protected":false},"excerpt":{"rendered":"<p>Backpack made of RPET 600D recycled polyester, which combines a vigore design with PU Leather details. This backpack is not<\/p>","protected":false},"featured_media":13531,"comment_status":"open","ping_status":"closed","template":"","meta":[],"product_cat":[299,298],"product_tag":[],"class_list":{"0":"post-13530","1":"product","2":"type-product","3":"status-publish","4":"has-post-thumbnail","6":"product_cat-bags_travel_backpack","7":"product_cat-bags_travel","9":"first","10":"instock","11":"shipping-taxable","12":"purchasable","13":"product-type-variable"},"_links":{"self":[{"href":"https:\/\/www.promotio.sk\/sk\/wp-json\/wp\/v2\/product\/13530","targetHints":{"allow":["GET"]}}],"collection":[{"href":"https:\/\/www.promotio.sk\/sk\/wp-json\/wp\/v2\/product"}],"about":[{"href":"https:\/\/www.promotio.sk\/sk\/wp-json\/wp\/v2\/types\/product"}],"replies":[{"embeddable":true,"href":"https:\/\/www.promotio.sk\/sk\/wp-json\/wp\/v2\/comments?post=13530"}],"wp:featuredmedia":[{"embeddable":true,"href":"https:\/\/www.promotio.sk\/sk\/wp-json\/wp\/v2\/media\/13531"}],"wp:attachment":[{"href":"https:\/\/www.promotio.sk\/sk\/wp-json\/wp\/v2\/media?parent=13530"}],"wp:term":[{"taxonomy":"product_cat","embeddable":true,"href":"https:\/\/www.promotio.sk\/sk\/wp-json\/wp\/v2\/product_cat?post=13530"},{"taxonomy":"product_tag","embeddable":true,"href":"https:\/\/www.promotio.sk\/sk\/wp-json\/wp\/v2\/product_tag?post=13530"}],"curies":[{"name":"wp","href":"https:\/\/api.w.org\/{rel}","templated":true}]}}