{"id":13513,"date":"2024-03-07T17:25:23","date_gmt":"2024-03-07T16:25:23","guid":{"rendered":"https:\/\/www.promotio.sk\/shop\/nezaraden\u00e9\/norden\/"},"modified":"2024-03-07T17:26:55","modified_gmt":"2024-03-07T16:26:55","slug":"norden","status":"publish","type":"product","link":"https:\/\/www.promotio.sk\/sk\/shop\/promo-items\/bags_travel\/bags_travel_backpack\/norden\/","title":{"rendered":"NORDEN"},"content":{"rendered":"<p>Batoh RPET 300 D proti kr\u00e1de\u017ei je bezpe\u010dnou a udr\u017eate\u013enou mo\u017enos\u0165ou, ako nosi\u0165 svoje veci v pokoji. V\u010faka ergonomick\u00e9mu dizajnu pon\u00fakaj\u00fa polstrovan\u00e9 popruhy a chrb\u00e1t celodenn\u00e9 pohodlie.<br \/>\nTento batoh m\u00e1 dve hlavn\u00e9 polstrovan\u00e9 priehradky na ochranu v\u00e1\u0161ho 15-palcov\u00e9ho notebooku a tabletu. M\u00e1 tie\u017e polstrovan\u00e9 vonkaj\u0161ie predn\u00e9 vrecko, vrecko na rukov\u00e4\u0165 a polstrovan\u00e9 vrecko proti kr\u00e1de\u017ei na zadnej strane.<br \/>\nBatoh obsahuje aj popruh na voz\u00edk, ktor\u00fd v\u00e1m umo\u017en\u00ed \u013eahko ho pripevni\u0165 k pr\u00edru\u010dnej bato\u017eine. Okrem toho, \u017ee je vyroben\u00fd z RPET, recyklovan\u00e9ho materi\u00e1lu, dokazuje v\u00e1\u0161 z\u00e1v\u00e4zok vo\u010di \u017eivotn\u00e9mu prostrediu.<br \/>\n\u010ci u\u017e ide o ka\u017edodenn\u00e9 pou\u017eitie alebo cestovanie, tento batoh proti kr\u00e1de\u017ei v\u00e1m poskytne ochranu a pohodlie, pri\u010dom va\u0161e veci bud\u00fa v bezpe\u010d\u00ed a usporiadan\u00e9.<br \/>Zlo\u017eenie: RPET<\/p>","protected":false},"excerpt":{"rendered":"<p>The RPET 300 D anti-theft backpack is a safe and sustainable option to carry your belongings with peace of mind.<\/p>","protected":false},"featured_media":13514,"comment_status":"open","ping_status":"closed","template":"","meta":[],"product_cat":[299,298],"product_tag":[],"class_list":{"0":"post-13513","1":"product","2":"type-product","3":"status-publish","4":"has-post-thumbnail","6":"product_cat-bags_travel_backpack","7":"product_cat-bags_travel","9":"first","10":"instock","11":"shipping-taxable","12":"purchasable","13":"product-type-variable"},"_links":{"self":[{"href":"https:\/\/www.promotio.sk\/sk\/wp-json\/wp\/v2\/product\/13513","targetHints":{"allow":["GET"]}}],"collection":[{"href":"https:\/\/www.promotio.sk\/sk\/wp-json\/wp\/v2\/product"}],"about":[{"href":"https:\/\/www.promotio.sk\/sk\/wp-json\/wp\/v2\/types\/product"}],"replies":[{"embeddable":true,"href":"https:\/\/www.promotio.sk\/sk\/wp-json\/wp\/v2\/comments?post=13513"}],"wp:featuredmedia":[{"embeddable":true,"href":"https:\/\/www.promotio.sk\/sk\/wp-json\/wp\/v2\/media\/13514"}],"wp:attachment":[{"href":"https:\/\/www.promotio.sk\/sk\/wp-json\/wp\/v2\/media?parent=13513"}],"wp:term":[{"taxonomy":"product_cat","embeddable":true,"href":"https:\/\/www.promotio.sk\/sk\/wp-json\/wp\/v2\/product_cat?post=13513"},{"taxonomy":"product_tag","embeddable":true,"href":"https:\/\/www.promotio.sk\/sk\/wp-json\/wp\/v2\/product_tag?post=13513"}],"curies":[{"name":"wp","href":"https:\/\/api.w.org\/{rel}","templated":true}]}}