{"id":13502,"date":"2024-03-07T17:24:25","date_gmt":"2024-03-07T16:24:25","guid":{"rendered":"https:\/\/www.promotio.sk\/shop\/nezaraden\u00e9\/volpex\/"},"modified":"2024-03-07T17:25:21","modified_gmt":"2024-03-07T16:25:21","slug":"volpex","status":"publish","type":"product","link":"https:\/\/www.promotio.sk\/sk\/shop\/promo-items\/bags_travel\/bags_travel_backpack\/volpex\/","title":{"rendered":"VOLPEX"},"content":{"rendered":"<p>Batoh na dokumenty vyroben\u00fd z 300D RPET recyklovan\u00e9ho polyesteru s energick\u00fdm dizajnom je dokonalou vo\u013ebou pre t\u00fdch, ktor\u00ed h\u013eadaj\u00fa rovnov\u00e1hu medzi \u0161t\u00fdlom, funk\u010dnos\u0165ou a udr\u017eate\u013enos\u0165ou. Tento batoh je vyroben\u00fd z recyklovan\u00fdch materi\u00e1lov a je \u0161etrnou k \u017eivotn\u00e9mu prostrediu.<br \/>\nHlavn\u00e9 vrecko batohu je polstrovan\u00e9 a poskytuje bezpe\u010dn\u00fa a pohodln\u00fa ochranu pre v\u00e1\u0161 13\u2033 notebook alebo tablet. Okrem toho m\u00e1 praktick\u00fd USB port na pripojenie va\u0161ej nap\u00e1jacej banky (nie je s\u00fa\u010das\u0165ou dod\u00e1vky), \u010do v\u00e1m umo\u017en\u00ed nab\u00edja\u0165 va\u0161e elektronick\u00e9 zariadenia na cest\u00e1ch.<br \/>\nRukov\u00e4te a chrb\u00e1t batohu s\u00fa polstrovan\u00e9 a poskytuj\u00fa optim\u00e1lny komfort po\u010das cel\u00e9ho d\u0148a, a to aj pri pren\u00e1\u0161an\u00ed \u0165a\u017ek\u00fdch n\u00e1kladov. Popruh na voz\u00edk v\u00e1m d\u00e1va mo\u017enos\u0165 pripevni\u0165 batoh ku kufru na kolieskach, \u010do u\u013eah\u010duje pohyb po letisk\u00e1ch a staniciach.<br \/>\nTento batoh v\u010faka svojmu energick\u00e9mu dizajnu sp\u00e1ja \u0161t\u00fdl a v\u0161estrannos\u0165. \u010ci u\u017e do pr\u00e1ce, na stretnutia alebo na cestovanie, tento batoh na aktovky v\u00e1m poskytne priestor a funk\u010dnos\u0165, ktor\u00e9 potrebujete, aby ste si so sebou mohli vzia\u0165 v\u0161etko, \u010do potrebujete.<br \/>\nVyberte si batoh z recyklovan\u00e9ho polyesteru 300D RPET s energick\u00fdm dizajnom a noste svoje veci \u0161t\u00fdlovo a z\u00e1rove\u0148 prispejte k ochrane \u017eivotn\u00e9ho prostredia.<br \/>Zlo\u017eenie: RPET<\/p>","protected":false},"excerpt":{"rendered":"<p>The document backpack made of 300D RPET recycled polyester with a vigore design is the perfect choice for those looking<\/p>","protected":false},"featured_media":13503,"comment_status":"open","ping_status":"closed","template":"","meta":[],"product_cat":[299,298],"product_tag":[],"class_list":{"0":"post-13502","1":"product","2":"type-product","3":"status-publish","4":"has-post-thumbnail","6":"product_cat-bags_travel_backpack","7":"product_cat-bags_travel","9":"first","10":"instock","11":"shipping-taxable","12":"purchasable","13":"product-type-variable"},"_links":{"self":[{"href":"https:\/\/www.promotio.sk\/sk\/wp-json\/wp\/v2\/product\/13502","targetHints":{"allow":["GET"]}}],"collection":[{"href":"https:\/\/www.promotio.sk\/sk\/wp-json\/wp\/v2\/product"}],"about":[{"href":"https:\/\/www.promotio.sk\/sk\/wp-json\/wp\/v2\/types\/product"}],"replies":[{"embeddable":true,"href":"https:\/\/www.promotio.sk\/sk\/wp-json\/wp\/v2\/comments?post=13502"}],"wp:featuredmedia":[{"embeddable":true,"href":"https:\/\/www.promotio.sk\/sk\/wp-json\/wp\/v2\/media\/13503"}],"wp:attachment":[{"href":"https:\/\/www.promotio.sk\/sk\/wp-json\/wp\/v2\/media?parent=13502"}],"wp:term":[{"taxonomy":"product_cat","embeddable":true,"href":"https:\/\/www.promotio.sk\/sk\/wp-json\/wp\/v2\/product_cat?post=13502"},{"taxonomy":"product_tag","embeddable":true,"href":"https:\/\/www.promotio.sk\/sk\/wp-json\/wp\/v2\/product_tag?post=13502"}],"curies":[{"name":"wp","href":"https:\/\/api.w.org\/{rel}","templated":true}]}}