{"id":13492,"date":"2024-03-07T17:23:30","date_gmt":"2024-03-07T16:23:30","guid":{"rendered":"https:\/\/www.promotio.sk\/shop\/nezaraden\u00e9\/benza\/"},"modified":"2024-03-07T17:24:23","modified_gmt":"2024-03-07T16:24:23","slug":"benza","status":"publish","type":"product","link":"https:\/\/www.promotio.sk\/sk\/shop\/promo-items\/bags_travel\/bags_travel_backpack\/benza\/","title":{"rendered":"BENZA"},"content":{"rendered":"<p>Mana\u017e\u00e9rsky batoh RPET 300D z recyklovan\u00e9ho polyesteru s energick\u00fdm dizajnom je dokonal\u00fdm spolo\u010dn\u00edkom pre profesion\u00e1lov na cest\u00e1ch. V\u010faka svojmu elegantn\u00e9mu a funk\u010dn\u00e9mu dizajnu v\u00e1m tento batoh dod\u00e1 \u0161t\u00fdl a praktickos\u0165 z\u00e1rove\u0148.<br \/>\nTento batoh vyroben\u00fd z recyklovan\u00e9ho polyesteru RPET 300D je udr\u017eate\u013enou vo\u013ebou, ktor\u00e1 prispieva k ochrane \u017eivotn\u00e9ho prostredia. Jeho energick\u00fd dizajn dod\u00e1va n\u00e1dych modernosti a sofistikovanosti.<br \/>\nBatoh m\u00e1 priestrann\u00fa hlavn\u00fa priehradku, \u0161peci\u00e1lne navrhnut\u00fa pre notebooky alebo tablety s uhloprie\u010dkou a\u017e 12\u2033. M\u00e1 tie\u017e \u010fal\u0161ie vreck\u00e1 na usporiadanie va\u0161ich vec\u00ed, ako s\u00fa okrem in\u00e9ho dokumenty, pozn\u00e1mkov\u00e9 bloky, per\u00e1.<br \/>\nPohodlie je prioritou, preto m\u00e1 tento biznis batoh nastavite\u013en\u00e9 a polstrovan\u00e9 popruhy, ktor\u00e9 umo\u017e\u0148uj\u00fa pohodln\u00e9 nosenie na chrbte po\u010das cel\u00e9ho d\u0148a. Je tie\u017e vybaven\u00fd robustnou rukov\u00e4\u0165ou pre v\u00e4\u010d\u0161iu v\u0161estrannos\u0165.<br \/>\n\u010ci u\u017e idete do pr\u00e1ce, na stretnutia alebo na slu\u017eobn\u00e9 cesty, tento biznis batoh z recyklovan\u00e9ho polyesteru v\u00e1m poskytne dokonal\u00fa kombin\u00e1ciu \u0161t\u00fdlu, funk\u010dnosti a environment\u00e1lneho povedomia. Vyberte si zodpovedn\u00fa a modern\u00fa mo\u017enos\u0165, ako nosi\u0165 svoje veci \u0161t\u00fdlovo a \u0161etrne k plan\u00e9te.<br \/>Zlo\u017eenie: RPET<\/p>","protected":false},"excerpt":{"rendered":"<p>The RPET 300D executive backpack in recycled polyester with a vigore design is the perfect companion for professionals on the<\/p>","protected":false},"featured_media":13493,"comment_status":"open","ping_status":"closed","template":"","meta":[],"product_cat":[299,298],"product_tag":[],"class_list":{"0":"post-13492","1":"product","2":"type-product","3":"status-publish","4":"has-post-thumbnail","6":"product_cat-bags_travel_backpack","7":"product_cat-bags_travel","9":"first","10":"instock","11":"shipping-taxable","12":"purchasable","13":"product-type-variable"},"_links":{"self":[{"href":"https:\/\/www.promotio.sk\/sk\/wp-json\/wp\/v2\/product\/13492","targetHints":{"allow":["GET"]}}],"collection":[{"href":"https:\/\/www.promotio.sk\/sk\/wp-json\/wp\/v2\/product"}],"about":[{"href":"https:\/\/www.promotio.sk\/sk\/wp-json\/wp\/v2\/types\/product"}],"replies":[{"embeddable":true,"href":"https:\/\/www.promotio.sk\/sk\/wp-json\/wp\/v2\/comments?post=13492"}],"wp:featuredmedia":[{"embeddable":true,"href":"https:\/\/www.promotio.sk\/sk\/wp-json\/wp\/v2\/media\/13493"}],"wp:attachment":[{"href":"https:\/\/www.promotio.sk\/sk\/wp-json\/wp\/v2\/media?parent=13492"}],"wp:term":[{"taxonomy":"product_cat","embeddable":true,"href":"https:\/\/www.promotio.sk\/sk\/wp-json\/wp\/v2\/product_cat?post=13492"},{"taxonomy":"product_tag","embeddable":true,"href":"https:\/\/www.promotio.sk\/sk\/wp-json\/wp\/v2\/product_tag?post=13492"}],"curies":[{"name":"wp","href":"https:\/\/api.w.org\/{rel}","templated":true}]}}