{"id":13475,"date":"2024-03-07T17:21:55","date_gmt":"2024-03-07T16:21:55","guid":{"rendered":"https:\/\/www.promotio.sk\/shop\/nezaraden\u00e9\/kugar\/"},"modified":"2024-03-07T17:22:48","modified_gmt":"2024-03-07T16:22:48","slug":"kugar","status":"publish","type":"product","link":"https:\/\/www.promotio.sk\/sk\/shop\/promo-items\/bags_travel\/bags_travel_backpack\/kugar\/","title":{"rendered":"KUGAR"},"content":{"rendered":"<p>Roz\u0161\u00edrite\u013en\u00fd batoh proti kr\u00e1de\u017ei vyroben\u00fd z PU ko\u017ee. Tento batoh pon\u00faka nielen \u0161t\u00fdl a odolnos\u0165, ale aj extra bezpe\u010dnos\u0165 pre va\u0161e veci. V\u010faka premyslen\u00e9mu dizajnu je hlavn\u00e1 priehradka umiestnen\u00e1 v zadnej \u010dasti batohu, \u010do s\u0165a\u017euje pr\u00edstup pr\u00edpadn\u00fdm zlodejom.<\/p>\n<p>Vn\u00fatri n\u00e1jdete ve\u013ek\u00fa hlavn\u00fa priehradku a polstrovan\u00e9 vrecko na 14\u2033 notebook. M\u00e1 tie\u017e polstrovan\u00e9 vonkaj\u0161ie predn\u00e9 vrecko a bo\u010dn\u00e9 vreck\u00e1, aby boli va\u0161e veci organizovan\u00e9 a na dosah.<\/p>\n<p>Pre va\u0161e pohodlie s\u00fa rukov\u00e4te a chrb\u00e1t batohu polstrovan\u00e9 a poskytuj\u00fa ergonomick\u00fa podporu. Navy\u0161e obsahuje popruh na voz\u00edk, tak\u017ee si ho pri cestovan\u00ed m\u00f4\u017eete pripevni\u0165 k pr\u00edru\u010dnej bato\u017eine.<\/p>\n<p>Skombinujte bezpe\u010dnos\u0165, funk\u010dnos\u0165 a \u0161t\u00fdl s na\u0161\u00edm roz\u0165ahovac\u00edm batohom proti kr\u00e1de\u017ei vyroben\u00fdm z PU ko\u017ee. Chr\u00e1\u0148te svoje veci pri pohybe v pohodl\u00ed a \u0161t\u00fdle.<br \/>Zlo\u017eenie: PU ko\u017ea<\/p>","protected":false},"excerpt":{"rendered":"<p>Extendable anti-theft backpack, made of PU Leather. This backpack not only offers style and durability, but also extra security for<\/p>","protected":false},"featured_media":13476,"comment_status":"open","ping_status":"closed","template":"","meta":[],"product_cat":[299,298],"product_tag":[],"class_list":{"0":"post-13475","1":"product","2":"type-product","3":"status-publish","4":"has-post-thumbnail","6":"product_cat-bags_travel_backpack","7":"product_cat-bags_travel","9":"first","10":"instock","11":"shipping-taxable","12":"purchasable","13":"product-type-variable"},"_links":{"self":[{"href":"https:\/\/www.promotio.sk\/sk\/wp-json\/wp\/v2\/product\/13475","targetHints":{"allow":["GET"]}}],"collection":[{"href":"https:\/\/www.promotio.sk\/sk\/wp-json\/wp\/v2\/product"}],"about":[{"href":"https:\/\/www.promotio.sk\/sk\/wp-json\/wp\/v2\/types\/product"}],"replies":[{"embeddable":true,"href":"https:\/\/www.promotio.sk\/sk\/wp-json\/wp\/v2\/comments?post=13475"}],"wp:featuredmedia":[{"embeddable":true,"href":"https:\/\/www.promotio.sk\/sk\/wp-json\/wp\/v2\/media\/13476"}],"wp:attachment":[{"href":"https:\/\/www.promotio.sk\/sk\/wp-json\/wp\/v2\/media?parent=13475"}],"wp:term":[{"taxonomy":"product_cat","embeddable":true,"href":"https:\/\/www.promotio.sk\/sk\/wp-json\/wp\/v2\/product_cat?post=13475"},{"taxonomy":"product_tag","embeddable":true,"href":"https:\/\/www.promotio.sk\/sk\/wp-json\/wp\/v2\/product_tag?post=13475"}],"curies":[{"name":"wp","href":"https:\/\/api.w.org\/{rel}","templated":true}]}}