{"id":13461,"date":"2024-03-07T17:20:43","date_gmt":"2024-03-07T16:20:43","guid":{"rendered":"https:\/\/www.promotio.sk\/shop\/nezaraden\u00e9\/rubix\/"},"modified":"2024-03-07T17:21:53","modified_gmt":"2024-03-07T16:21:53","slug":"rubix","status":"publish","type":"product","link":"https:\/\/www.promotio.sk\/sk\/shop\/promo-items\/bags_travel\/bags_travel_backpack\/rubix\/","title":{"rendered":"RUBIX"},"content":{"rendered":"<p>V\u00fdkonn\u00fd batoh z recyklovan\u00e9ho nylonu. Priestrann\u00e1 hlavn\u00e1 priehradka a polstrovan\u00e9 vrecko na 15&quot; notebook. Jedno vonkaj\u0161ie vrecko a 2 bo\u010dn\u00e9 vreck\u00e1. Polstrovan\u00e9 ramenn\u00e9 popruhy a chrb\u00e1t. Popruh na voz\u00edk. <br \/>Zlo\u017eenie: Nylon reciclado<br \/>Pozn\u00e1mky: Kapacita: 18 l<\/p>","protected":false},"excerpt":{"rendered":"<p>Executive backpack in recycled nylon. Roomy main compartment and padded pocket for a 15&#8221; laptop. One exterior pocket and 2<\/p>","protected":false},"featured_media":13462,"comment_status":"open","ping_status":"closed","template":"","meta":[],"product_cat":[299,298],"product_tag":[],"class_list":{"0":"post-13461","1":"product","2":"type-product","3":"status-publish","4":"has-post-thumbnail","6":"product_cat-bags_travel_backpack","7":"product_cat-bags_travel","9":"first","10":"instock","11":"shipping-taxable","12":"purchasable","13":"product-type-variable"},"_links":{"self":[{"href":"https:\/\/www.promotio.sk\/sk\/wp-json\/wp\/v2\/product\/13461","targetHints":{"allow":["GET"]}}],"collection":[{"href":"https:\/\/www.promotio.sk\/sk\/wp-json\/wp\/v2\/product"}],"about":[{"href":"https:\/\/www.promotio.sk\/sk\/wp-json\/wp\/v2\/types\/product"}],"replies":[{"embeddable":true,"href":"https:\/\/www.promotio.sk\/sk\/wp-json\/wp\/v2\/comments?post=13461"}],"wp:featuredmedia":[{"embeddable":true,"href":"https:\/\/www.promotio.sk\/sk\/wp-json\/wp\/v2\/media\/13462"}],"wp:attachment":[{"href":"https:\/\/www.promotio.sk\/sk\/wp-json\/wp\/v2\/media?parent=13461"}],"wp:term":[{"taxonomy":"product_cat","embeddable":true,"href":"https:\/\/www.promotio.sk\/sk\/wp-json\/wp\/v2\/product_cat?post=13461"},{"taxonomy":"product_tag","embeddable":true,"href":"https:\/\/www.promotio.sk\/sk\/wp-json\/wp\/v2\/product_tag?post=13461"}],"curies":[{"name":"wp","href":"https:\/\/api.w.org\/{rel}","templated":true}]}}