{"id":13432,"date":"2024-03-07T17:18:17","date_gmt":"2024-03-07T16:18:17","guid":{"rendered":"https:\/\/www.promotio.sk\/shop\/nezaraden\u00e9\/luton\/"},"modified":"2024-03-07T17:18:45","modified_gmt":"2024-03-07T16:18:45","slug":"luton","status":"publish","type":"product","link":"https:\/\/www.promotio.sk\/sk\/shop\/promo-items\/bags_travel\/travel_accessories\/luton\/","title":{"rendered":"LUTON"},"content":{"rendered":"<p>Pe\u0148a\u017eenka vyroben\u00e1 z recyklovanej plsti s energick\u00fdm dizajnom je perfektnou mo\u017enos\u0165ou, ako nosi\u0165 mince a drobn\u00e9 predmety \u0161t\u00fdlovo a z\u00e1rove\u0148 by\u0165 \u0161etrn\u00e1 k \u017eivotn\u00e9mu prostrediu. T\u00e1to kabelka je vyroben\u00e1 z recyklovanej plsti, \u010do z nej rob\u00ed udr\u017eate\u013en\u00fa a ekologick\u00fa vo\u013ebu.<\/p>\n<p>Dizajn vigore dod\u00e1va pe\u0148a\u017eenke modern\u00fd a atrakt\u00edvny n\u00e1dych, v\u010faka \u010domu je funk\u010dn\u00e1 a elegantn\u00e1. V\u010faka zodpovedaj\u00facej spone a rukov\u00e4ti m\u00f4\u017eete kabelku \u013eahko otv\u00e1ra\u0165 a zatv\u00e1ra\u0165, \u010d\u00edm budete ma\u0165 svoje mince a drobn\u00e9 predmety v bezpe\u010d\u00ed a usporiadan\u00e9.<br \/>\nVn\u00fatro kabelky pon\u00faka kompaktn\u00fd, no dostato\u010dn\u00fd priestor na ulo\u017eenie va\u0161ich minc\u00ed, k\u013e\u00fa\u010dov, sl\u00fachadiel alebo in\u00fdch drobnost\u00ed, ktor\u00e9 si potrebujete vzia\u0165 so sebou. Recyklovan\u00e1 pls\u0165 pou\u017eit\u00e1 pri jej v\u00fdrobe je trv\u00e1cna a odoln\u00e1 a chr\u00e1ni va\u0161e veci pred mo\u017en\u00fdm po\u0161koden\u00edm.<\/p>\n<p>Vyberte si kabelku, ktor\u00e1 kombinuje funk\u010dnos\u0165, m\u00f3du a zodpovednos\u0165 vo\u010di \u017eivotn\u00e9mu prostrediu s kabelkou z recyklovanej plsti v energickom dizajne. Urobte si vedom\u00fd v\u00fdber a dodajte svojim ka\u017edodenn\u00fdm doplnkom \u0161t\u00fdl.<br \/>Zlo\u017eenie: Fieltro reciclado<\/p>","protected":false},"excerpt":{"rendered":"<p>The purse made of recycled felt with a vigore design is a perfect option to carry your coins and small<\/p>","protected":false},"featured_media":13433,"comment_status":"open","ping_status":"closed","template":"","meta":[],"product_cat":[298,303],"product_tag":[],"class_list":{"0":"post-13432","1":"product","2":"type-product","3":"status-publish","4":"has-post-thumbnail","6":"product_cat-bags_travel","7":"product_cat-travel_accessories","9":"first","10":"instock","11":"shipping-taxable","12":"purchasable","13":"product-type-variable"},"_links":{"self":[{"href":"https:\/\/www.promotio.sk\/sk\/wp-json\/wp\/v2\/product\/13432","targetHints":{"allow":["GET"]}}],"collection":[{"href":"https:\/\/www.promotio.sk\/sk\/wp-json\/wp\/v2\/product"}],"about":[{"href":"https:\/\/www.promotio.sk\/sk\/wp-json\/wp\/v2\/types\/product"}],"replies":[{"embeddable":true,"href":"https:\/\/www.promotio.sk\/sk\/wp-json\/wp\/v2\/comments?post=13432"}],"wp:featuredmedia":[{"embeddable":true,"href":"https:\/\/www.promotio.sk\/sk\/wp-json\/wp\/v2\/media\/13433"}],"wp:attachment":[{"href":"https:\/\/www.promotio.sk\/sk\/wp-json\/wp\/v2\/media?parent=13432"}],"wp:term":[{"taxonomy":"product_cat","embeddable":true,"href":"https:\/\/www.promotio.sk\/sk\/wp-json\/wp\/v2\/product_cat?post=13432"},{"taxonomy":"product_tag","embeddable":true,"href":"https:\/\/www.promotio.sk\/sk\/wp-json\/wp\/v2\/product_tag?post=13432"}],"curies":[{"name":"wp","href":"https:\/\/api.w.org\/{rel}","templated":true}]}}