{"id":13379,"date":"2024-03-07T17:13:37","date_gmt":"2024-03-07T16:13:37","guid":{"rendered":"https:\/\/www.promotio.sk\/shop\/nezaraden\u00e9\/buren\/"},"modified":"2024-03-07T20:40:40","modified_gmt":"2024-03-07T19:40:40","slug":"buren","status":"publish","type":"product","link":"https:\/\/www.promotio.sk\/sk\/shop\/promo-items\/bags_travel\/cooler_bags\/buren\/","title":{"rendered":"BUREN"},"content":{"rendered":"<p>Sendvi\u010dov\u00e9 vrecko z odoln\u00e9ho laminovan\u00e9ho papiera so zap\u00ednan\u00edm na zips. Hlin\u00edkov\u00e1 izotermick\u00e1 vn\u00fatorn\u00e1 v\u00fdstelka na udr\u017eanie teploty. S\u00fa\u010das\u0165ou balenia je praktick\u00e1 rukov\u00e4\u0165.<br \/>Zlo\u017eenie: Papier a hlin\u00edk.<\/p>","protected":false},"excerpt":{"rendered":"<p>Sandwich bag in resistant laminated paper with zip fastening. Aluminium isothermic inner linning to keep the temperature. Practical carry handle<\/p>","protected":false},"featured_media":13380,"comment_status":"open","ping_status":"closed","template":"","meta":[],"product_cat":[298,305],"product_tag":[],"class_list":{"0":"post-13379","1":"product","2":"type-product","3":"status-publish","4":"has-post-thumbnail","6":"product_cat-bags_travel","7":"product_cat-cooler_bags","9":"first","10":"instock","11":"shipping-taxable","12":"purchasable","13":"product-type-variable"},"_links":{"self":[{"href":"https:\/\/www.promotio.sk\/sk\/wp-json\/wp\/v2\/product\/13379","targetHints":{"allow":["GET"]}}],"collection":[{"href":"https:\/\/www.promotio.sk\/sk\/wp-json\/wp\/v2\/product"}],"about":[{"href":"https:\/\/www.promotio.sk\/sk\/wp-json\/wp\/v2\/types\/product"}],"replies":[{"embeddable":true,"href":"https:\/\/www.promotio.sk\/sk\/wp-json\/wp\/v2\/comments?post=13379"}],"wp:featuredmedia":[{"embeddable":true,"href":"https:\/\/www.promotio.sk\/sk\/wp-json\/wp\/v2\/media\/13380"}],"wp:attachment":[{"href":"https:\/\/www.promotio.sk\/sk\/wp-json\/wp\/v2\/media?parent=13379"}],"wp:term":[{"taxonomy":"product_cat","embeddable":true,"href":"https:\/\/www.promotio.sk\/sk\/wp-json\/wp\/v2\/product_cat?post=13379"},{"taxonomy":"product_tag","embeddable":true,"href":"https:\/\/www.promotio.sk\/sk\/wp-json\/wp\/v2\/product_tag?post=13379"}],"curies":[{"name":"wp","href":"https:\/\/api.w.org\/{rel}","templated":true}]}}