{"id":13321,"date":"2024-03-07T17:08:38","date_gmt":"2024-03-07T16:08:38","guid":{"rendered":"https:\/\/www.promotio.sk\/shop\/nezaraden\u00e9\/mondelo\/"},"modified":"2024-03-07T17:09:56","modified_gmt":"2024-03-07T16:09:56","slug":"mondelo","status":"publish","type":"product","link":"https:\/\/www.promotio.sk\/sk\/shop\/promo-items\/bags_travel\/bags_travel_backpack\/mondelo\/","title":{"rendered":"MONDELO"},"content":{"rendered":"<p>Multifunk\u010dn\u00e1 ta\u0161ka vyroben\u00e1 z 320 g\/m2 recyklovanej bavlny v preveden\u00ed vres. Kapacita 24 litrov. Zap\u00ednanie na zips v hlavnom vrecku. Vr\u00e1tane pohodln\u00e9ho nastavite\u013en\u00e9ho ramenn\u00e9ho popruhu.  <br \/>Zlo\u017eenie: Recyklovan\u00e1 bavlna.<br \/>Pozn\u00e1mky: Kapacita: 25 l<\/p>","protected":false},"excerpt":{"rendered":"<p>Multifunction duffel bag made of 320 gsm recycled cotton in a heather finish design. 24 litres capacity. Zip fastening in<\/p>","protected":false},"featured_media":13322,"comment_status":"open","ping_status":"closed","template":"","meta":[],"product_cat":[299,298],"product_tag":[],"class_list":{"0":"post-13321","1":"product","2":"type-product","3":"status-publish","4":"has-post-thumbnail","6":"product_cat-bags_travel_backpack","7":"product_cat-bags_travel","9":"first","10":"instock","11":"shipping-taxable","12":"purchasable","13":"product-type-variable"},"_links":{"self":[{"href":"https:\/\/www.promotio.sk\/sk\/wp-json\/wp\/v2\/product\/13321","targetHints":{"allow":["GET"]}}],"collection":[{"href":"https:\/\/www.promotio.sk\/sk\/wp-json\/wp\/v2\/product"}],"about":[{"href":"https:\/\/www.promotio.sk\/sk\/wp-json\/wp\/v2\/types\/product"}],"replies":[{"embeddable":true,"href":"https:\/\/www.promotio.sk\/sk\/wp-json\/wp\/v2\/comments?post=13321"}],"wp:featuredmedia":[{"embeddable":true,"href":"https:\/\/www.promotio.sk\/sk\/wp-json\/wp\/v2\/media\/13322"}],"wp:attachment":[{"href":"https:\/\/www.promotio.sk\/sk\/wp-json\/wp\/v2\/media?parent=13321"}],"wp:term":[{"taxonomy":"product_cat","embeddable":true,"href":"https:\/\/www.promotio.sk\/sk\/wp-json\/wp\/v2\/product_cat?post=13321"},{"taxonomy":"product_tag","embeddable":true,"href":"https:\/\/www.promotio.sk\/sk\/wp-json\/wp\/v2\/product_tag?post=13321"}],"curies":[{"name":"wp","href":"https:\/\/api.w.org\/{rel}","templated":true}]}}