{"id":13316,"date":"2024-03-07T17:08:12","date_gmt":"2024-03-07T16:08:12","guid":{"rendered":"https:\/\/www.promotio.sk\/shop\/nezaraden\u00e9\/zapax\/"},"modified":"2024-03-07T17:08:33","modified_gmt":"2024-03-07T16:08:33","slug":"zapax","status":"publish","type":"product","link":"https:\/\/www.promotio.sk\/sk\/shop\/promo-items\/bags_travel\/travel_accessories\/zapax\/","title":{"rendered":"ZAPAX"},"content":{"rendered":"<p>Fantastick\u00e1 ta\u0161ka so s\u0165ahovacou \u0161n\u00farkou zo 120 gsm bavlny. Ide\u00e1lne na ulo\u017eenie p\u00e1nskej\/d\u00e1mskej obuvi.<br \/>\n<br \/>Zlo\u017eenie: Bavlna<\/p>","protected":false},"excerpt":{"rendered":"<p>Fantastic drawstring bag in 120 gsm cotton. Perfect for men\/women shoe storage. Composition: Cotton<\/p>","protected":false},"featured_media":13317,"comment_status":"open","ping_status":"closed","template":"","meta":[],"product_cat":[304,298,303],"product_tag":[],"class_list":{"0":"post-13316","1":"product","2":"type-product","3":"status-publish","4":"has-post-thumbnail","6":"product_cat-bags","7":"product_cat-bags_travel","8":"product_cat-travel_accessories","10":"first","11":"instock","12":"shipping-taxable","13":"purchasable","14":"product-type-variable"},"_links":{"self":[{"href":"https:\/\/www.promotio.sk\/sk\/wp-json\/wp\/v2\/product\/13316","targetHints":{"allow":["GET"]}}],"collection":[{"href":"https:\/\/www.promotio.sk\/sk\/wp-json\/wp\/v2\/product"}],"about":[{"href":"https:\/\/www.promotio.sk\/sk\/wp-json\/wp\/v2\/types\/product"}],"replies":[{"embeddable":true,"href":"https:\/\/www.promotio.sk\/sk\/wp-json\/wp\/v2\/comments?post=13316"}],"wp:featuredmedia":[{"embeddable":true,"href":"https:\/\/www.promotio.sk\/sk\/wp-json\/wp\/v2\/media\/13317"}],"wp:attachment":[{"href":"https:\/\/www.promotio.sk\/sk\/wp-json\/wp\/v2\/media?parent=13316"}],"wp:term":[{"taxonomy":"product_cat","embeddable":true,"href":"https:\/\/www.promotio.sk\/sk\/wp-json\/wp\/v2\/product_cat?post=13316"},{"taxonomy":"product_tag","embeddable":true,"href":"https:\/\/www.promotio.sk\/sk\/wp-json\/wp\/v2\/product_tag?post=13316"}],"curies":[{"name":"wp","href":"https:\/\/api.w.org\/{rel}","templated":true}]}}