{"id":13244,"date":"2024-03-07T17:01:39","date_gmt":"2024-03-07T16:01:39","guid":{"rendered":"https:\/\/www.promotio.sk\/shop\/nezaraden\u00e9\/hill\/"},"modified":"2024-03-07T17:02:06","modified_gmt":"2024-03-07T16:02:06","slug":"hill","status":"publish","type":"product","link":"https:\/\/www.promotio.sk\/sk\/shop\/promo-items\/bags_travel\/bags\/hill\/","title":{"rendered":"HILL"},"content":{"rendered":"<p>Ta\u0161ka z bavlnenej l\u00e1tky v pr\u00edrodnej farbe s dlh\u00fdmi r\u00fa\u010dkami v rovnakom farebnom odtieni.<br \/>Zlo\u017eenie: 100% bavlna, 140 gsm.<br \/>Pozn\u00e1mky: * M15: 37 x 41 cm.<br \/>\n*R\u00fakadl\u00e1: 70 cm.<br \/>\n* Farby tohto modelu sa m\u00f4\u017eu l\u00ed\u0161i\u0165 od ostatn\u00fdch, aj ke\u010f maj\u00fa rovnak\u00fd k\u00f3d.<br \/>\n* Minim\u00e1lna predajn\u00e1 jednotka \u2013 kompletn\u00e9 balenie.<br \/><img decoding=\"async\" src=\"https:\/\/static.gorfactory.es\/pics2018\/large\/7601_01_4_1.jpg\"><\/p>","protected":false},"excerpt":{"rendered":"<p>Tote bag made of cotton fabric in natural colour, with long handles in same colour tone.Composition: 100% cotton, 140 gsm.Remarks:<\/p>","protected":false},"featured_media":13245,"comment_status":"open","ping_status":"closed","template":"","meta":[],"product_cat":[304,298],"product_tag":[],"class_list":{"0":"post-13244","1":"product","2":"type-product","3":"status-publish","4":"has-post-thumbnail","6":"product_cat-bags","7":"product_cat-bags_travel","9":"first","10":"instock","11":"shipping-taxable","12":"purchasable","13":"product-type-variable"},"_links":{"self":[{"href":"https:\/\/www.promotio.sk\/sk\/wp-json\/wp\/v2\/product\/13244","targetHints":{"allow":["GET"]}}],"collection":[{"href":"https:\/\/www.promotio.sk\/sk\/wp-json\/wp\/v2\/product"}],"about":[{"href":"https:\/\/www.promotio.sk\/sk\/wp-json\/wp\/v2\/types\/product"}],"replies":[{"embeddable":true,"href":"https:\/\/www.promotio.sk\/sk\/wp-json\/wp\/v2\/comments?post=13244"}],"wp:featuredmedia":[{"embeddable":true,"href":"https:\/\/www.promotio.sk\/sk\/wp-json\/wp\/v2\/media\/13245"}],"wp:attachment":[{"href":"https:\/\/www.promotio.sk\/sk\/wp-json\/wp\/v2\/media?parent=13244"}],"wp:term":[{"taxonomy":"product_cat","embeddable":true,"href":"https:\/\/www.promotio.sk\/sk\/wp-json\/wp\/v2\/product_cat?post=13244"},{"taxonomy":"product_tag","embeddable":true,"href":"https:\/\/www.promotio.sk\/sk\/wp-json\/wp\/v2\/product_tag?post=13244"}],"curies":[{"name":"wp","href":"https:\/\/api.w.org\/{rel}","templated":true}]}}