{"id":13237,"date":"2024-03-07T17:01:00","date_gmt":"2024-03-07T16:01:00","guid":{"rendered":"https:\/\/www.promotio.sk\/shop\/nezaraden\u00e9\/milvus\/"},"modified":"2024-03-07T17:01:35","modified_gmt":"2024-03-07T16:01:35","slug":"milvus","status":"publish","type":"product","link":"https:\/\/www.promotio.sk\/sk\/shop\/promo-items\/bags_travel\/bags\/milvus\/","title":{"rendered":"MILVUS"},"content":{"rendered":"<p>Ta\u0161ka vyroben\u00e1 z kraftov\u00e9ho papiera s dvoma bavlnen\u00fdmi r\u00fa\u010dkami dlh\u00fdmi 64 cm. Odolnos\u0165 do 6-7 kg hmotnosti.<br \/>Zlo\u017eenie: 130 gsm kraft papier, laminovan\u00fd polyetyl\u00e9n a netkan\u00e1 vn\u00fatorn\u00e1 li\u0161ta.<br \/>Pozn\u00e1mky: Vn\u00fatorn\u00fd na\u0161it\u00fd \u0161t\u00edtok.<\/p>","protected":false},"excerpt":{"rendered":"<p>Tote bag made of kraft paper with two 64 cm long cotton handles. Resistance up to 6-7 kg of weight.Composition:<\/p>","protected":false},"featured_media":13238,"comment_status":"open","ping_status":"closed","template":"","meta":[],"product_cat":[304,298],"product_tag":[],"class_list":{"0":"post-13237","1":"product","2":"type-product","3":"status-publish","4":"has-post-thumbnail","6":"product_cat-bags","7":"product_cat-bags_travel","9":"first","10":"instock","11":"shipping-taxable","12":"purchasable","13":"product-type-variable"},"_links":{"self":[{"href":"https:\/\/www.promotio.sk\/sk\/wp-json\/wp\/v2\/product\/13237","targetHints":{"allow":["GET"]}}],"collection":[{"href":"https:\/\/www.promotio.sk\/sk\/wp-json\/wp\/v2\/product"}],"about":[{"href":"https:\/\/www.promotio.sk\/sk\/wp-json\/wp\/v2\/types\/product"}],"replies":[{"embeddable":true,"href":"https:\/\/www.promotio.sk\/sk\/wp-json\/wp\/v2\/comments?post=13237"}],"wp:featuredmedia":[{"embeddable":true,"href":"https:\/\/www.promotio.sk\/sk\/wp-json\/wp\/v2\/media\/13238"}],"wp:attachment":[{"href":"https:\/\/www.promotio.sk\/sk\/wp-json\/wp\/v2\/media?parent=13237"}],"wp:term":[{"taxonomy":"product_cat","embeddable":true,"href":"https:\/\/www.promotio.sk\/sk\/wp-json\/wp\/v2\/product_cat?post=13237"},{"taxonomy":"product_tag","embeddable":true,"href":"https:\/\/www.promotio.sk\/sk\/wp-json\/wp\/v2\/product_tag?post=13237"}],"curies":[{"name":"wp","href":"https:\/\/api.w.org\/{rel}","templated":true}]}}