{"id":13214,"date":"2024-03-07T16:58:59","date_gmt":"2024-03-07T15:58:59","guid":{"rendered":"https:\/\/www.promotio.sk\/shop\/nezaraden\u00e9\/wave\/"},"modified":"2024-03-07T16:59:39","modified_gmt":"2024-03-07T15:59:39","slug":"wave","status":"publish","type":"product","link":"https:\/\/www.promotio.sk\/sk\/shop\/promo-items\/bags_travel\/bags\/wave\/","title":{"rendered":"VLNA"},"content":{"rendered":"<p>Ekologick\u00e1 n\u00e1kupn\u00e1 ta\u0161ka vyroben\u00e1 zo 120 g\/m2 bavlny a juty v pr\u00edrodnej farbe, s dielom z juty na spodnej \u010dasti jednej strany ta\u0161ky a uchami dlh\u00fdmi 70 cm.<br \/>\n<br \/>Zlo\u017eenie: Bavlna a juta.<\/p>","protected":false},"excerpt":{"rendered":"<p>Eco shopping bag made of 120 gsm cotton and jute in natural colour, with a section of jute on the<\/p>","protected":false},"featured_media":13215,"comment_status":"open","ping_status":"closed","template":"","meta":[],"product_cat":[304,298],"product_tag":[],"class_list":{"0":"post-13214","1":"product","2":"type-product","3":"status-publish","4":"has-post-thumbnail","6":"product_cat-bags","7":"product_cat-bags_travel","9":"first","10":"instock","11":"shipping-taxable","12":"purchasable","13":"product-type-variable"},"_links":{"self":[{"href":"https:\/\/www.promotio.sk\/sk\/wp-json\/wp\/v2\/product\/13214","targetHints":{"allow":["GET"]}}],"collection":[{"href":"https:\/\/www.promotio.sk\/sk\/wp-json\/wp\/v2\/product"}],"about":[{"href":"https:\/\/www.promotio.sk\/sk\/wp-json\/wp\/v2\/types\/product"}],"replies":[{"embeddable":true,"href":"https:\/\/www.promotio.sk\/sk\/wp-json\/wp\/v2\/comments?post=13214"}],"wp:featuredmedia":[{"embeddable":true,"href":"https:\/\/www.promotio.sk\/sk\/wp-json\/wp\/v2\/media\/13215"}],"wp:attachment":[{"href":"https:\/\/www.promotio.sk\/sk\/wp-json\/wp\/v2\/media?parent=13214"}],"wp:term":[{"taxonomy":"product_cat","embeddable":true,"href":"https:\/\/www.promotio.sk\/sk\/wp-json\/wp\/v2\/product_cat?post=13214"},{"taxonomy":"product_tag","embeddable":true,"href":"https:\/\/www.promotio.sk\/sk\/wp-json\/wp\/v2\/product_tag?post=13214"}],"curies":[{"name":"wp","href":"https:\/\/api.w.org\/{rel}","templated":true}]}}