{"id":13208,"date":"2024-03-07T16:58:30","date_gmt":"2024-03-07T15:58:30","guid":{"rendered":"https:\/\/www.promotio.sk\/shop\/nezaraden\u00e9\/sterna\/"},"modified":"2024-03-07T16:58:57","modified_gmt":"2024-03-07T15:58:57","slug":"sterna","status":"publish","type":"product","link":"https:\/\/www.promotio.sk\/sk\/shop\/promo-items\/bags_travel\/bags\/sterna\/","title":{"rendered":"STERNA"},"content":{"rendered":"<p>Obd\u013a\u017enikov\u00e1 pl\u00e1\u017eov\u00e1 ta\u0161ka z juty so 70 cm dlh\u00fdmi bavlnen\u00fdmi r\u00fa\u010dkami (priemer 9-10 mm).<br \/>Zlo\u017eenie: 310 gsm laminovan\u00e1 juta.<br \/>Pozn\u00e1mky: Vn\u00fatorn\u00fd na\u0161it\u00fd \u0161t\u00edtok.<\/p>","protected":false},"excerpt":{"rendered":"<p>Rectangular beach bag made of jute, with 70 cm long cotton handles (9-10 mm diameter).Composition: 310 gsm laminated jute.Remarks: Inner<\/p>","protected":false},"featured_media":13209,"comment_status":"open","ping_status":"closed","template":"","meta":[],"product_cat":[304,298],"product_tag":[],"class_list":{"0":"post-13208","1":"product","2":"type-product","3":"status-publish","4":"has-post-thumbnail","6":"product_cat-bags","7":"product_cat-bags_travel","9":"first","10":"instock","11":"shipping-taxable","12":"purchasable","13":"product-type-variable"},"_links":{"self":[{"href":"https:\/\/www.promotio.sk\/sk\/wp-json\/wp\/v2\/product\/13208","targetHints":{"allow":["GET"]}}],"collection":[{"href":"https:\/\/www.promotio.sk\/sk\/wp-json\/wp\/v2\/product"}],"about":[{"href":"https:\/\/www.promotio.sk\/sk\/wp-json\/wp\/v2\/types\/product"}],"replies":[{"embeddable":true,"href":"https:\/\/www.promotio.sk\/sk\/wp-json\/wp\/v2\/comments?post=13208"}],"wp:featuredmedia":[{"embeddable":true,"href":"https:\/\/www.promotio.sk\/sk\/wp-json\/wp\/v2\/media\/13209"}],"wp:attachment":[{"href":"https:\/\/www.promotio.sk\/sk\/wp-json\/wp\/v2\/media?parent=13208"}],"wp:term":[{"taxonomy":"product_cat","embeddable":true,"href":"https:\/\/www.promotio.sk\/sk\/wp-json\/wp\/v2\/product_cat?post=13208"},{"taxonomy":"product_tag","embeddable":true,"href":"https:\/\/www.promotio.sk\/sk\/wp-json\/wp\/v2\/product_tag?post=13208"}],"curies":[{"name":"wp","href":"https:\/\/api.w.org\/{rel}","templated":true}]}}