{"id":13201,"date":"2024-03-07T16:57:54","date_gmt":"2024-03-07T15:57:54","guid":{"rendered":"https:\/\/www.promotio.sk\/shop\/nezaraden\u00e9\/soil\/"},"modified":"2024-03-07T16:58:28","modified_gmt":"2024-03-07T15:58:28","slug":"soil","status":"publish","type":"product","link":"https:\/\/www.promotio.sk\/sk\/shop\/promo-items\/bags_travel\/bags\/soil\/","title":{"rendered":"P\u00d4DA"},"content":{"rendered":"<p>Eko ta\u0161ka na ovocie vyroben\u00e1 z bavlny 100% v pr\u00edrodnej farbe. 120 gsm. Jedna strana ta\u0161ky z m\u00e4kkej bavlny a druh\u00e1 z \u013eahkej sie\u0165oviny. Zap\u00ednanie na \u0161n\u00farku s prieh\u013eadn\u00fdm plastov\u00fdm nastavova\u010dom.<br \/>\n<br \/>Zlo\u017eenie: 120 gsm bavlna.<\/p>","protected":false},"excerpt":{"rendered":"<p>Eco fruit bag made of 100% cotton in natural colour. 120 gsm. One side of the bag in soft cotton<\/p>","protected":false},"featured_media":13202,"comment_status":"open","ping_status":"closed","template":"","meta":[],"product_cat":[304,298],"product_tag":[],"class_list":{"0":"post-13201","1":"product","2":"type-product","3":"status-publish","4":"has-post-thumbnail","6":"product_cat-bags","7":"product_cat-bags_travel","9":"first","10":"instock","11":"shipping-taxable","12":"purchasable","13":"product-type-variable"},"_links":{"self":[{"href":"https:\/\/www.promotio.sk\/sk\/wp-json\/wp\/v2\/product\/13201","targetHints":{"allow":["GET"]}}],"collection":[{"href":"https:\/\/www.promotio.sk\/sk\/wp-json\/wp\/v2\/product"}],"about":[{"href":"https:\/\/www.promotio.sk\/sk\/wp-json\/wp\/v2\/types\/product"}],"replies":[{"embeddable":true,"href":"https:\/\/www.promotio.sk\/sk\/wp-json\/wp\/v2\/comments?post=13201"}],"wp:featuredmedia":[{"embeddable":true,"href":"https:\/\/www.promotio.sk\/sk\/wp-json\/wp\/v2\/media\/13202"}],"wp:attachment":[{"href":"https:\/\/www.promotio.sk\/sk\/wp-json\/wp\/v2\/media?parent=13201"}],"wp:term":[{"taxonomy":"product_cat","embeddable":true,"href":"https:\/\/www.promotio.sk\/sk\/wp-json\/wp\/v2\/product_cat?post=13201"},{"taxonomy":"product_tag","embeddable":true,"href":"https:\/\/www.promotio.sk\/sk\/wp-json\/wp\/v2\/product_tag?post=13201"}],"curies":[{"name":"wp","href":"https:\/\/api.w.org\/{rel}","templated":true}]}}