{"id":13149,"date":"2024-03-07T16:53:26","date_gmt":"2024-03-07T15:53:26","guid":{"rendered":"https:\/\/www.promotio.sk\/shop\/nezaraden\u00e9\/rpet-pantala\/"},"modified":"2024-03-07T16:54:44","modified_gmt":"2024-03-07T15:54:44","slug":"rpet-pantala","status":"publish","type":"product","link":"https:\/\/www.promotio.sk\/sk\/shop\/promo-items\/bags_travel\/bags\/rpet-pantala\/","title":{"rendered":"RPET PANTALA"},"content":{"rendered":"<p>Skladacia n\u00e1kupn\u00e1 ta\u0161ka vyroben\u00e1 z m\u00e4kk\u00e9ho recyklovan\u00e9ho polyesteru RPET. Vr\u00e1tane praktick\u00e9ho vrecka na skladanie.<br \/>\n<br \/>Zlo\u017eenie: 190T RPET polyester.<\/p>","protected":false},"excerpt":{"rendered":"<p>Foldable shopping bag made from soft recycled RPET polyester. Practical pocket for folding included. Composition: 190T RPET polyester.<\/p>","protected":false},"featured_media":13150,"comment_status":"open","ping_status":"closed","template":"","meta":[],"product_cat":[304,298],"product_tag":[],"class_list":{"0":"post-13149","1":"product","2":"type-product","3":"status-publish","4":"has-post-thumbnail","6":"product_cat-bags","7":"product_cat-bags_travel","9":"first","10":"instock","11":"shipping-taxable","12":"purchasable","13":"product-type-variable"},"_links":{"self":[{"href":"https:\/\/www.promotio.sk\/sk\/wp-json\/wp\/v2\/product\/13149","targetHints":{"allow":["GET"]}}],"collection":[{"href":"https:\/\/www.promotio.sk\/sk\/wp-json\/wp\/v2\/product"}],"about":[{"href":"https:\/\/www.promotio.sk\/sk\/wp-json\/wp\/v2\/types\/product"}],"replies":[{"embeddable":true,"href":"https:\/\/www.promotio.sk\/sk\/wp-json\/wp\/v2\/comments?post=13149"}],"wp:featuredmedia":[{"embeddable":true,"href":"https:\/\/www.promotio.sk\/sk\/wp-json\/wp\/v2\/media\/13150"}],"wp:attachment":[{"href":"https:\/\/www.promotio.sk\/sk\/wp-json\/wp\/v2\/media?parent=13149"}],"wp:term":[{"taxonomy":"product_cat","embeddable":true,"href":"https:\/\/www.promotio.sk\/sk\/wp-json\/wp\/v2\/product_cat?post=13149"},{"taxonomy":"product_tag","embeddable":true,"href":"https:\/\/www.promotio.sk\/sk\/wp-json\/wp\/v2\/product_tag?post=13149"}],"curies":[{"name":"wp","href":"https:\/\/api.w.org\/{rel}","templated":true}]}}