{"id":13002,"date":"2024-03-07T16:41:04","date_gmt":"2024-03-07T15:41:04","guid":{"rendered":"https:\/\/www.promotio.sk\/shop\/nezaraden\u00e9\/haya\/"},"modified":"2024-03-07T16:42:25","modified_gmt":"2024-03-07T15:42:25","slug":"haya","status":"publish","type":"product","link":"https:\/\/www.promotio.sk\/sk\/shop\/promo-items\/bags_travel\/bags\/haya\/","title":{"rendered":"HAYA"},"content":{"rendered":"<p>Papierov\u00e1 ta\u0161ka s hmotnos\u0165ou 110 g\/m2 v pr\u00edrodnom preveden\u00ed so zosilnen\u00fdmi kr\u00e1tkymi r\u00fa\u010dkami v skr\u00fatenom dizajne.<br \/>Zlo\u017eenie: 110 gsm papier.<\/p>","protected":false},"excerpt":{"rendered":"<p>110 gsm paper bag in natural finish, with reinforced short handles in a twisted design.Composition: 110 gsm paper.<\/p>","protected":false},"featured_media":13003,"comment_status":"open","ping_status":"closed","template":"","meta":[],"product_cat":[304,298],"product_tag":[],"class_list":{"0":"post-13002","1":"product","2":"type-product","3":"status-publish","4":"has-post-thumbnail","6":"product_cat-bags","7":"product_cat-bags_travel","9":"first","10":"instock","11":"shipping-taxable","12":"purchasable","13":"product-type-variable"},"_links":{"self":[{"href":"https:\/\/www.promotio.sk\/sk\/wp-json\/wp\/v2\/product\/13002","targetHints":{"allow":["GET"]}}],"collection":[{"href":"https:\/\/www.promotio.sk\/sk\/wp-json\/wp\/v2\/product"}],"about":[{"href":"https:\/\/www.promotio.sk\/sk\/wp-json\/wp\/v2\/types\/product"}],"replies":[{"embeddable":true,"href":"https:\/\/www.promotio.sk\/sk\/wp-json\/wp\/v2\/comments?post=13002"}],"wp:featuredmedia":[{"embeddable":true,"href":"https:\/\/www.promotio.sk\/sk\/wp-json\/wp\/v2\/media\/13003"}],"wp:attachment":[{"href":"https:\/\/www.promotio.sk\/sk\/wp-json\/wp\/v2\/media?parent=13002"}],"wp:term":[{"taxonomy":"product_cat","embeddable":true,"href":"https:\/\/www.promotio.sk\/sk\/wp-json\/wp\/v2\/product_cat?post=13002"},{"taxonomy":"product_tag","embeddable":true,"href":"https:\/\/www.promotio.sk\/sk\/wp-json\/wp\/v2\/product_tag?post=13002"}],"curies":[{"name":"wp","href":"https:\/\/api.w.org\/{rel}","templated":true}]}}