{"id":12958,"date":"2024-03-07T16:36:43","date_gmt":"2024-03-07T15:36:43","guid":{"rendered":"https:\/\/www.promotio.sk\/shop\/nezaraden\u00e9\/orca\/"},"modified":"2024-03-07T16:37:41","modified_gmt":"2024-03-07T15:37:41","slug":"orca","status":"publish","type":"product","link":"https:\/\/www.promotio.sk\/sk\/shop\/promo-items\/bags_travel\/bags\/orca\/","title":{"rendered":"ORCA"},"content":{"rendered":"<p>Op\u00e4tovne pou\u017eite\u013en\u00e1 n\u00e1kupn\u00e1 ta\u0161ka s matn\u00fdm laminovan\u00fdm povrchom. Vyroben\u00e9 z odoln\u00e9ho RPET so zosilnen\u00fdmi rukov\u00e4\u0165ami a zodpovedaj\u00facim potrub\u00edm.<br \/>Zlo\u017eenie: 100 gsm RPET.<br \/>Pozn\u00e1mky: Rozmery rukov\u00e4te: 48 x 2,5 cm.<\/p>","protected":false},"excerpt":{"rendered":"<p>Reusable shopping bag in matt laminated finish. Made from resistant RPET with reinforced handles and matching piping.Composition: 100 gsm RPET.Remarks:<\/p>","protected":false},"featured_media":12959,"comment_status":"open","ping_status":"closed","template":"","meta":[],"product_cat":[304,298],"product_tag":[],"class_list":{"0":"post-12958","1":"product","2":"type-product","3":"status-publish","4":"has-post-thumbnail","6":"product_cat-bags","7":"product_cat-bags_travel","9":"first","10":"instock","11":"shipping-taxable","12":"purchasable","13":"product-type-variable"},"_links":{"self":[{"href":"https:\/\/www.promotio.sk\/sk\/wp-json\/wp\/v2\/product\/12958","targetHints":{"allow":["GET"]}}],"collection":[{"href":"https:\/\/www.promotio.sk\/sk\/wp-json\/wp\/v2\/product"}],"about":[{"href":"https:\/\/www.promotio.sk\/sk\/wp-json\/wp\/v2\/types\/product"}],"replies":[{"embeddable":true,"href":"https:\/\/www.promotio.sk\/sk\/wp-json\/wp\/v2\/comments?post=12958"}],"wp:featuredmedia":[{"embeddable":true,"href":"https:\/\/www.promotio.sk\/sk\/wp-json\/wp\/v2\/media\/12959"}],"wp:attachment":[{"href":"https:\/\/www.promotio.sk\/sk\/wp-json\/wp\/v2\/media?parent=12958"}],"wp:term":[{"taxonomy":"product_cat","embeddable":true,"href":"https:\/\/www.promotio.sk\/sk\/wp-json\/wp\/v2\/product_cat?post=12958"},{"taxonomy":"product_tag","embeddable":true,"href":"https:\/\/www.promotio.sk\/sk\/wp-json\/wp\/v2\/product_tag?post=12958"}],"curies":[{"name":"wp","href":"https:\/\/api.w.org\/{rel}","templated":true}]}}