{"id":12938,"date":"2024-03-07T16:35:04","date_gmt":"2024-03-07T15:35:04","guid":{"rendered":"https:\/\/www.promotio.sk\/shop\/nezaraden\u00e9\/phoca\/"},"modified":"2024-03-07T16:36:40","modified_gmt":"2024-03-07T15:36:40","slug":"phoca","status":"publish","type":"product","link":"https:\/\/www.promotio.sk\/sk\/shop\/promo-items\/bags_travel\/bags\/phoca\/","title":{"rendered":"PHOCA"},"content":{"rendered":"<p>Opakovane pou\u017eite\u013en\u00e1 \u0161it\u00e1 ta\u0161ka v matnej laminovanej \u00faprave. Vyroben\u00e9 z odoln\u00e9ho RPET so zosilnen\u00fdmi rukov\u00e4\u0165ami.<br \/>\n<br \/>Zlo\u017eenie: 100 gsm RPET.<br \/>Pozn\u00e1mky: Rozmery rukov\u00e4te: 65 x 2,5 cm.<\/p>","protected":false},"excerpt":{"rendered":"<p>Reusable sewn bag in matt laminated finish. Made from resistant RPET with reinforced handles. Composition: 100 gsm RPET.Remarks: Handles measures:<\/p>","protected":false},"featured_media":12939,"comment_status":"open","ping_status":"closed","template":"","meta":[],"product_cat":[304,298],"product_tag":[],"class_list":{"0":"post-12938","1":"product","2":"type-product","3":"status-publish","4":"has-post-thumbnail","6":"product_cat-bags","7":"product_cat-bags_travel","9":"first","10":"instock","11":"shipping-taxable","12":"purchasable","13":"product-type-variable"},"_links":{"self":[{"href":"https:\/\/www.promotio.sk\/sk\/wp-json\/wp\/v2\/product\/12938","targetHints":{"allow":["GET"]}}],"collection":[{"href":"https:\/\/www.promotio.sk\/sk\/wp-json\/wp\/v2\/product"}],"about":[{"href":"https:\/\/www.promotio.sk\/sk\/wp-json\/wp\/v2\/types\/product"}],"replies":[{"embeddable":true,"href":"https:\/\/www.promotio.sk\/sk\/wp-json\/wp\/v2\/comments?post=12938"}],"wp:featuredmedia":[{"embeddable":true,"href":"https:\/\/www.promotio.sk\/sk\/wp-json\/wp\/v2\/media\/12939"}],"wp:attachment":[{"href":"https:\/\/www.promotio.sk\/sk\/wp-json\/wp\/v2\/media?parent=12938"}],"wp:term":[{"taxonomy":"product_cat","embeddable":true,"href":"https:\/\/www.promotio.sk\/sk\/wp-json\/wp\/v2\/product_cat?post=12938"},{"taxonomy":"product_tag","embeddable":true,"href":"https:\/\/www.promotio.sk\/sk\/wp-json\/wp\/v2\/product_tag?post=12938"}],"curies":[{"name":"wp","href":"https:\/\/api.w.org\/{rel}","templated":true}]}}