{"id":12924,"date":"2024-03-07T16:33:49","date_gmt":"2024-03-07T15:33:49","guid":{"rendered":"https:\/\/www.promotio.sk\/shop\/nezaraden\u00e9\/manati\/"},"modified":"2024-03-07T20:25:13","modified_gmt":"2024-03-07T19:25:13","slug":"manati","status":"publish","type":"product","link":"https:\/\/www.promotio.sk\/sk\/shop\/promo-items\/bags_travel\/bags\/manati\/","title":{"rendered":"MANATI"},"content":{"rendered":"<p>Vodotesn\u00fd such\u00fd vak vyroben\u00fd z odoln\u00e9ho ripstopu. Vodotesn\u00e9 zap\u00ednanie na cvak. Karab\u00edna a nastavite\u013en\u00fd ramenn\u00fd popruh. Celkov\u00e1 kapacita 15 litrov. U\u017eito\u010dn\u00fd objem 10 litrov.<br \/>Zlo\u017eenie: Odoln\u00fd ripstop.<\/p>","protected":false},"excerpt":{"rendered":"<p>Waterproof dry bag made of resistant ripstop. Watertight fastening with click. Carabiner and adjustable shoulder carry strap. 15 litres total<\/p>","protected":false},"featured_media":12925,"comment_status":"open","ping_status":"closed","template":"","meta":[],"product_cat":[304,298],"product_tag":[],"class_list":{"0":"post-12924","1":"product","2":"type-product","3":"status-publish","4":"has-post-thumbnail","6":"product_cat-bags","7":"product_cat-bags_travel","9":"first","10":"instock","11":"shipping-taxable","12":"purchasable","13":"product-type-variable"},"_links":{"self":[{"href":"https:\/\/www.promotio.sk\/sk\/wp-json\/wp\/v2\/product\/12924","targetHints":{"allow":["GET"]}}],"collection":[{"href":"https:\/\/www.promotio.sk\/sk\/wp-json\/wp\/v2\/product"}],"about":[{"href":"https:\/\/www.promotio.sk\/sk\/wp-json\/wp\/v2\/types\/product"}],"replies":[{"embeddable":true,"href":"https:\/\/www.promotio.sk\/sk\/wp-json\/wp\/v2\/comments?post=12924"}],"wp:featuredmedia":[{"embeddable":true,"href":"https:\/\/www.promotio.sk\/sk\/wp-json\/wp\/v2\/media\/12925"}],"wp:attachment":[{"href":"https:\/\/www.promotio.sk\/sk\/wp-json\/wp\/v2\/media?parent=12924"}],"wp:term":[{"taxonomy":"product_cat","embeddable":true,"href":"https:\/\/www.promotio.sk\/sk\/wp-json\/wp\/v2\/product_cat?post=12924"},{"taxonomy":"product_tag","embeddable":true,"href":"https:\/\/www.promotio.sk\/sk\/wp-json\/wp\/v2\/product_tag?post=12924"}],"curies":[{"name":"wp","href":"https:\/\/api.w.org\/{rel}","templated":true}]}}