{"id":12892,"date":"2024-03-07T16:30:57","date_gmt":"2024-03-07T15:30:57","guid":{"rendered":"https:\/\/www.promotio.sk\/shop\/nezaraden\u00e9\/turcaz\/"},"modified":"2024-03-07T16:31:46","modified_gmt":"2024-03-07T15:31:46","slug":"turcaz","status":"publish","type":"product","link":"https:\/\/www.promotio.sk\/sk\/shop\/promo-items\/bags_travel\/bags_travel_backpack\/turcaz\/","title":{"rendered":"TURCAZ"},"content":{"rendered":"<p>Netkan\u00fd batoh so s\u0165ahovacou \u0161n\u00farkou s dizajnom na farbenie. Vr\u00e1tane 5 pasteliek v r\u00f4znych farb\u00e1ch.<br \/>Zlo\u017eenie: Netkan\u00e1<\/p>","protected":false},"excerpt":{"rendered":"<p>Non-woven drawstring backpack with design for colouring. 5 crayons in assorted colours included.Composition: Non-woven<\/p>","protected":false},"featured_media":12893,"comment_status":"open","ping_status":"closed","template":"","meta":[],"product_cat":[299,298],"product_tag":[],"class_list":{"0":"post-12892","1":"product","2":"type-product","3":"status-publish","4":"has-post-thumbnail","6":"product_cat-bags_travel_backpack","7":"product_cat-bags_travel","9":"first","10":"instock","11":"shipping-taxable","12":"purchasable","13":"product-type-variable"},"_links":{"self":[{"href":"https:\/\/www.promotio.sk\/sk\/wp-json\/wp\/v2\/product\/12892","targetHints":{"allow":["GET"]}}],"collection":[{"href":"https:\/\/www.promotio.sk\/sk\/wp-json\/wp\/v2\/product"}],"about":[{"href":"https:\/\/www.promotio.sk\/sk\/wp-json\/wp\/v2\/types\/product"}],"replies":[{"embeddable":true,"href":"https:\/\/www.promotio.sk\/sk\/wp-json\/wp\/v2\/comments?post=12892"}],"wp:featuredmedia":[{"embeddable":true,"href":"https:\/\/www.promotio.sk\/sk\/wp-json\/wp\/v2\/media\/12893"}],"wp:attachment":[{"href":"https:\/\/www.promotio.sk\/sk\/wp-json\/wp\/v2\/media?parent=12892"}],"wp:term":[{"taxonomy":"product_cat","embeddable":true,"href":"https:\/\/www.promotio.sk\/sk\/wp-json\/wp\/v2\/product_cat?post=12892"},{"taxonomy":"product_tag","embeddable":true,"href":"https:\/\/www.promotio.sk\/sk\/wp-json\/wp\/v2\/product_tag?post=12892"}],"curies":[{"name":"wp","href":"https:\/\/api.w.org\/{rel}","templated":true}]}}