{"id":12863,"date":"2024-03-07T16:28:20","date_gmt":"2024-03-07T15:28:20","guid":{"rendered":"https:\/\/www.promotio.sk\/shop\/nezaraden\u00e9\/sublimation-mito\/"},"modified":"2024-03-07T16:28:54","modified_gmt":"2024-03-07T15:28:54","slug":"sublimation-mito","status":"publish","type":"product","link":"https:\/\/www.promotio.sk\/sk\/shop\/promo-items\/bags_travel\/bags\/sublimation-mito\/","title":{"rendered":"SUBLIM\u00c1CIA MITO"},"content":{"rendered":"<p>\u0160it\u00e1 n\u00e1kupn\u00e1 ta\u0161ka z netkanej text\u00edlie so zosilnen\u00fdmi r\u00fa\u010dkami. Ide\u00e1lne na sublim\u00e1ciu. 70 cm dlh\u00e9 rukov\u00e4te.<br \/>Zlo\u017eenie: Netkan\u00e1.<\/p>","protected":false},"excerpt":{"rendered":"<p>Sewn non-woven shopping bag with reinforced handles. Perfect for sublimation. 70 cm long handles.Composition: Non-woven.<\/p>","protected":false},"featured_media":12864,"comment_status":"open","ping_status":"closed","template":"","meta":[],"product_cat":[304,298],"product_tag":[],"class_list":{"0":"post-12863","1":"product","2":"type-product","3":"status-publish","4":"has-post-thumbnail","6":"product_cat-bags","7":"product_cat-bags_travel","9":"first","10":"instock","11":"shipping-taxable","12":"purchasable","13":"product-type-variable"},"_links":{"self":[{"href":"https:\/\/www.promotio.sk\/sk\/wp-json\/wp\/v2\/product\/12863","targetHints":{"allow":["GET"]}}],"collection":[{"href":"https:\/\/www.promotio.sk\/sk\/wp-json\/wp\/v2\/product"}],"about":[{"href":"https:\/\/www.promotio.sk\/sk\/wp-json\/wp\/v2\/types\/product"}],"replies":[{"embeddable":true,"href":"https:\/\/www.promotio.sk\/sk\/wp-json\/wp\/v2\/comments?post=12863"}],"wp:featuredmedia":[{"embeddable":true,"href":"https:\/\/www.promotio.sk\/sk\/wp-json\/wp\/v2\/media\/12864"}],"wp:attachment":[{"href":"https:\/\/www.promotio.sk\/sk\/wp-json\/wp\/v2\/media?parent=12863"}],"wp:term":[{"taxonomy":"product_cat","embeddable":true,"href":"https:\/\/www.promotio.sk\/sk\/wp-json\/wp\/v2\/product_cat?post=12863"},{"taxonomy":"product_tag","embeddable":true,"href":"https:\/\/www.promotio.sk\/sk\/wp-json\/wp\/v2\/product_tag?post=12863"}],"curies":[{"name":"wp","href":"https:\/\/api.w.org\/{rel}","templated":true}]}}