{"id":12852,"date":"2024-03-07T16:27:23","date_gmt":"2024-03-07T15:27:23","guid":{"rendered":"https:\/\/www.promotio.sk\/shop\/nezaraden\u00e9\/milano\/"},"modified":"2024-03-07T16:28:18","modified_gmt":"2024-03-07T15:28:18","slug":"milano","status":"publish","type":"product","link":"https:\/\/www.promotio.sk\/sk\/shop\/promo-items\/bags_travel\/bags_travel_backpack\/milano\/","title":{"rendered":"MILANO"},"content":{"rendered":"<p>Batoh so s\u0165ahovacou \u0161n\u00farkou zo 190T polyesteru v r\u00f4znych \u0161portov\u00fdch dizajnoch.<br \/>\n<br \/>Zlo\u017eenie: 190T polyester.<\/p>","protected":false},"excerpt":{"rendered":"<p>Drawstring backpack in 190T polyester in assorted sports designs. Composition: 190T polyester.<\/p>","protected":false},"featured_media":12853,"comment_status":"open","ping_status":"closed","template":"","meta":[],"product_cat":[299,298],"product_tag":[],"class_list":{"0":"post-12852","1":"product","2":"type-product","3":"status-publish","4":"has-post-thumbnail","6":"product_cat-bags_travel_backpack","7":"product_cat-bags_travel","9":"first","10":"instock","11":"shipping-taxable","12":"purchasable","13":"product-type-variable"},"_links":{"self":[{"href":"https:\/\/www.promotio.sk\/sk\/wp-json\/wp\/v2\/product\/12852","targetHints":{"allow":["GET"]}}],"collection":[{"href":"https:\/\/www.promotio.sk\/sk\/wp-json\/wp\/v2\/product"}],"about":[{"href":"https:\/\/www.promotio.sk\/sk\/wp-json\/wp\/v2\/types\/product"}],"replies":[{"embeddable":true,"href":"https:\/\/www.promotio.sk\/sk\/wp-json\/wp\/v2\/comments?post=12852"}],"wp:featuredmedia":[{"embeddable":true,"href":"https:\/\/www.promotio.sk\/sk\/wp-json\/wp\/v2\/media\/12853"}],"wp:attachment":[{"href":"https:\/\/www.promotio.sk\/sk\/wp-json\/wp\/v2\/media?parent=12852"}],"wp:term":[{"taxonomy":"product_cat","embeddable":true,"href":"https:\/\/www.promotio.sk\/sk\/wp-json\/wp\/v2\/product_cat?post=12852"},{"taxonomy":"product_tag","embeddable":true,"href":"https:\/\/www.promotio.sk\/sk\/wp-json\/wp\/v2\/product_tag?post=12852"}],"curies":[{"name":"wp","href":"https:\/\/api.w.org\/{rel}","templated":true}]}}