{"id":12821,"date":"2024-03-07T16:24:41","date_gmt":"2024-03-07T15:24:41","guid":{"rendered":"https:\/\/www.promotio.sk\/shop\/nezaraden\u00e9\/foldable-focha\/"},"modified":"2024-03-07T16:26:43","modified_gmt":"2024-03-07T15:26:43","slug":"foldable-focha","status":"publish","type":"product","link":"https:\/\/www.promotio.sk\/sk\/shop\/promo-items\/bags_travel\/bags\/foldable-focha\/","title":{"rendered":"SKLADAC\u00cd FOCHA"},"content":{"rendered":"<p>Skladacia n\u00e1kupn\u00e1 ta\u0161ka z m\u00e4kk\u00e9ho 190T polyesteru. R\u00f4zne ovocn\u00e9 vzory so zap\u00ednan\u00edm na \u0161n\u00farku.<br \/>Zlo\u017eenie: 190T polyester.<\/p>","protected":false},"excerpt":{"rendered":"<p>Foldable shopping bag in soft 190T polyester. Assorted fruit designs with drawstring fastening.Composition: 190T polyester.<\/p>","protected":false},"featured_media":12822,"comment_status":"open","ping_status":"closed","template":"","meta":[],"product_cat":[304,298],"product_tag":[],"class_list":{"0":"post-12821","1":"product","2":"type-product","3":"status-publish","4":"has-post-thumbnail","6":"product_cat-bags","7":"product_cat-bags_travel","9":"first","10":"instock","11":"shipping-taxable","12":"purchasable","13":"product-type-variable"},"_links":{"self":[{"href":"https:\/\/www.promotio.sk\/sk\/wp-json\/wp\/v2\/product\/12821","targetHints":{"allow":["GET"]}}],"collection":[{"href":"https:\/\/www.promotio.sk\/sk\/wp-json\/wp\/v2\/product"}],"about":[{"href":"https:\/\/www.promotio.sk\/sk\/wp-json\/wp\/v2\/types\/product"}],"replies":[{"embeddable":true,"href":"https:\/\/www.promotio.sk\/sk\/wp-json\/wp\/v2\/comments?post=12821"}],"wp:featuredmedia":[{"embeddable":true,"href":"https:\/\/www.promotio.sk\/sk\/wp-json\/wp\/v2\/media\/12822"}],"wp:attachment":[{"href":"https:\/\/www.promotio.sk\/sk\/wp-json\/wp\/v2\/media?parent=12821"}],"wp:term":[{"taxonomy":"product_cat","embeddable":true,"href":"https:\/\/www.promotio.sk\/sk\/wp-json\/wp\/v2\/product_cat?post=12821"},{"taxonomy":"product_tag","embeddable":true,"href":"https:\/\/www.promotio.sk\/sk\/wp-json\/wp\/v2\/product_tag?post=12821"}],"curies":[{"name":"wp","href":"https:\/\/api.w.org\/{rel}","templated":true}]}}