{"id":12800,"date":"2024-03-07T16:23:06","date_gmt":"2024-03-07T15:23:06","guid":{"rendered":"https:\/\/www.promotio.sk\/shop\/nezaraden\u00e9\/foldable-toco\/"},"modified":"2024-03-07T16:24:39","modified_gmt":"2024-03-07T15:24:39","slug":"foldable-toco","status":"publish","type":"product","link":"https:\/\/www.promotio.sk\/sk\/shop\/promo-items\/bags_travel\/bags\/foldable-toco\/","title":{"rendered":"SKLADACIE TOCO"},"content":{"rendered":"<p>Skladacia n\u00e1kupn\u00e1 ta\u0161ka z m\u00e4kk\u00e9ho 190T polyesteru s pre\u0161\u00edvan\u00fdm povrchom. Obsahuje praktick\u00fa gumi\u010dku na skladanie.<br \/>Zlo\u017eenie: 190T polyester.<\/p>","protected":false},"excerpt":{"rendered":"<p>Foldable shopping bag in soft 190T polyester in stitched finish. Includes practical elastic band for folding.Composition: 190T polyester.<\/p>","protected":false},"featured_media":12801,"comment_status":"open","ping_status":"closed","template":"","meta":[],"product_cat":[304,298],"product_tag":[],"class_list":{"0":"post-12800","1":"product","2":"type-product","3":"status-publish","4":"has-post-thumbnail","6":"product_cat-bags","7":"product_cat-bags_travel","9":"first","10":"instock","11":"shipping-taxable","12":"purchasable","13":"product-type-variable"},"_links":{"self":[{"href":"https:\/\/www.promotio.sk\/sk\/wp-json\/wp\/v2\/product\/12800","targetHints":{"allow":["GET"]}}],"collection":[{"href":"https:\/\/www.promotio.sk\/sk\/wp-json\/wp\/v2\/product"}],"about":[{"href":"https:\/\/www.promotio.sk\/sk\/wp-json\/wp\/v2\/types\/product"}],"replies":[{"embeddable":true,"href":"https:\/\/www.promotio.sk\/sk\/wp-json\/wp\/v2\/comments?post=12800"}],"wp:featuredmedia":[{"embeddable":true,"href":"https:\/\/www.promotio.sk\/sk\/wp-json\/wp\/v2\/media\/12801"}],"wp:attachment":[{"href":"https:\/\/www.promotio.sk\/sk\/wp-json\/wp\/v2\/media?parent=12800"}],"wp:term":[{"taxonomy":"product_cat","embeddable":true,"href":"https:\/\/www.promotio.sk\/sk\/wp-json\/wp\/v2\/product_cat?post=12800"},{"taxonomy":"product_tag","embeddable":true,"href":"https:\/\/www.promotio.sk\/sk\/wp-json\/wp\/v2\/product_tag?post=12800"}],"curies":[{"name":"wp","href":"https:\/\/api.w.org\/{rel}","templated":true}]}}