{"id":12682,"date":"2024-03-07T16:13:05","date_gmt":"2024-03-07T15:13:05","guid":{"rendered":"https:\/\/www.promotio.sk\/shop\/nezaraden\u00e9\/crest\/"},"modified":"2024-03-07T16:15:31","modified_gmt":"2024-03-07T15:15:31","slug":"crest","status":"publish","type":"product","link":"https:\/\/www.promotio.sk\/sk\/shop\/promo-items\/bags_travel\/bags\/crest\/","title":{"rendered":"CREST"},"content":{"rendered":"<p>Tepelne zataven\u00e1 ta\u0161ka bez klinu, vyroben\u00e1 z netkanej text\u00edlie, so 70 cm dlh\u00fdm uchom v rovnakej farbe. Odolnos\u0165 do 6 kg.<br \/>Zlo\u017eenie: 100% netkan\u00fd polypropyl\u00e9n, 80 g\/m2.<br \/>Pozn\u00e1mky: *Ve\u013ekos\u0165 rukov\u00e4te: 70 cm.<br \/>\n* Farby tohto modelu sa m\u00f4\u017eu l\u00ed\u0161i\u0165 od ostatn\u00fdch, dokonca aj v r\u00e1mci rovnak\u00e9ho k\u00f3du.<br \/>\n* Minim\u00e1lna predajn\u00e1 jednotka \u2013 kompletn\u00e9 balenie.<br \/><img decoding=\"async\" src=\"https:\/\/static.gorfactory.es\/pics2018\/large\/7506_01_4_1.jpg\"><\/p>","protected":false},"excerpt":{"rendered":"<p>Heat-sealed bag without gusset, made of non-woven fabric, with 70 cm long handle in same colour. Resistance up to 6<\/p>","protected":false},"featured_media":12683,"comment_status":"open","ping_status":"closed","template":"","meta":[],"product_cat":[304,298],"product_tag":[],"class_list":{"0":"post-12682","1":"product","2":"type-product","3":"status-publish","4":"has-post-thumbnail","6":"product_cat-bags","7":"product_cat-bags_travel","9":"first","10":"instock","11":"shipping-taxable","12":"purchasable","13":"product-type-variable"},"_links":{"self":[{"href":"https:\/\/www.promotio.sk\/sk\/wp-json\/wp\/v2\/product\/12682","targetHints":{"allow":["GET"]}}],"collection":[{"href":"https:\/\/www.promotio.sk\/sk\/wp-json\/wp\/v2\/product"}],"about":[{"href":"https:\/\/www.promotio.sk\/sk\/wp-json\/wp\/v2\/types\/product"}],"replies":[{"embeddable":true,"href":"https:\/\/www.promotio.sk\/sk\/wp-json\/wp\/v2\/comments?post=12682"}],"wp:featuredmedia":[{"embeddable":true,"href":"https:\/\/www.promotio.sk\/sk\/wp-json\/wp\/v2\/media\/12683"}],"wp:attachment":[{"href":"https:\/\/www.promotio.sk\/sk\/wp-json\/wp\/v2\/media?parent=12682"}],"wp:term":[{"taxonomy":"product_cat","embeddable":true,"href":"https:\/\/www.promotio.sk\/sk\/wp-json\/wp\/v2\/product_cat?post=12682"},{"taxonomy":"product_tag","embeddable":true,"href":"https:\/\/www.promotio.sk\/sk\/wp-json\/wp\/v2\/product_tag?post=12682"}],"curies":[{"name":"wp","href":"https:\/\/api.w.org\/{rel}","templated":true}]}}