{"id":12648,"date":"2024-03-07T16:10:50","date_gmt":"2024-03-07T15:10:50","guid":{"rendered":"https:\/\/www.promotio.sk\/shop\/nezaraden\u00e9\/lake\/"},"modified":"2024-03-07T16:11:45","modified_gmt":"2024-03-07T15:11:45","slug":"lake","status":"publish","type":"product","link":"https:\/\/www.promotio.sk\/sk\/shop\/promo-items\/bags_travel\/bags\/lake\/","title":{"rendered":"LAKE"},"content":{"rendered":"<p>Tepelne zataven\u00e1 ta\u0161ka s klinom na bokoch a z\u00e1kladni a zodpovedaj\u00facimi kr\u00e1tkymi r\u00fa\u010dkami, vyroben\u00e1 z netkanej text\u00edlie.<br \/>Zlo\u017eenie: 100% netkan\u00fd polypropyl\u00e9n, 100 gsm.<br \/>Pozn\u00e1mky: *M07: 35 x 40 x 12 cm.<br \/>\n* Ve\u013ekos\u0165 rukov\u00e4te: 24 cm.<br \/>\n*Farby tohto modelu sa m\u00f4\u017eu l\u00ed\u0161i\u0165 od ostatn\u00fdch, aj ke\u010f maj\u00fa rovnak\u00fd k\u00f3d.<br \/>\n* Minim\u00e1lna predajn\u00e1 jednotka \u2013 kompletn\u00e9 balenie.<br \/><img decoding=\"async\" src=\"https:\/\/static.gorfactory.es\/pics2018\/large\/7503_01_4_1.jpg\"><\/p>","protected":false},"excerpt":{"rendered":"<p>Heat-sealed bag with gusset on the sides and base, and matching short handles, made of non-woven fabric.Composition: 100% non-woven polypropylene,<\/p>","protected":false},"featured_media":12649,"comment_status":"open","ping_status":"closed","template":"","meta":[],"product_cat":[304,298],"product_tag":[],"class_list":{"0":"post-12648","1":"product","2":"type-product","3":"status-publish","4":"has-post-thumbnail","6":"product_cat-bags","7":"product_cat-bags_travel","9":"first","10":"instock","11":"shipping-taxable","12":"purchasable","13":"product-type-variable"},"_links":{"self":[{"href":"https:\/\/www.promotio.sk\/sk\/wp-json\/wp\/v2\/product\/12648","targetHints":{"allow":["GET"]}}],"collection":[{"href":"https:\/\/www.promotio.sk\/sk\/wp-json\/wp\/v2\/product"}],"about":[{"href":"https:\/\/www.promotio.sk\/sk\/wp-json\/wp\/v2\/types\/product"}],"replies":[{"embeddable":true,"href":"https:\/\/www.promotio.sk\/sk\/wp-json\/wp\/v2\/comments?post=12648"}],"wp:featuredmedia":[{"embeddable":true,"href":"https:\/\/www.promotio.sk\/sk\/wp-json\/wp\/v2\/media\/12649"}],"wp:attachment":[{"href":"https:\/\/www.promotio.sk\/sk\/wp-json\/wp\/v2\/media?parent=12648"}],"wp:term":[{"taxonomy":"product_cat","embeddable":true,"href":"https:\/\/www.promotio.sk\/sk\/wp-json\/wp\/v2\/product_cat?post=12648"},{"taxonomy":"product_tag","embeddable":true,"href":"https:\/\/www.promotio.sk\/sk\/wp-json\/wp\/v2\/product_tag?post=12648"}],"curies":[{"name":"wp","href":"https:\/\/api.w.org\/{rel}","templated":true}]}}