{"id":12609,"date":"2024-03-07T16:07:40","date_gmt":"2024-03-07T15:07:40","guid":{"rendered":"https:\/\/www.promotio.sk\/shop\/nezaraden\u00e9\/balmor\/"},"modified":"2024-03-07T16:08:46","modified_gmt":"2024-03-07T15:08:46","slug":"balmor","status":"publish","type":"product","link":"https:\/\/www.promotio.sk\/sk\/shop\/promo-items\/bags_travel\/bags\/balmor\/","title":{"rendered":"BALMOR"},"content":{"rendered":"<p>Multifunk\u010dn\u00e1 ta\u0161ka vyroben\u00e1 z 300D RPET v preveden\u00ed vres. kapacita 30 litrov. Zap\u00ednanie na zips v hlavnom a prednom vrecku. Bo\u010dn\u00e9 sie\u0165ovan\u00e9 vrecko. Vr\u00e1tane nastavite\u013en\u00e9ho ramenn\u00e9ho popruhu.  <br \/>Zlo\u017eenie: RPET<br \/>Pozn\u00e1mky: Kapacita: 30 l<\/p>","protected":false},"excerpt":{"rendered":"<p>Multifunctional bag made from 300D RPET in a heather finish design. 30 litres capacity. Zip fastening in main and front<\/p>","protected":false},"featured_media":12610,"comment_status":"open","ping_status":"closed","template":"","meta":[],"product_cat":[304,298],"product_tag":[],"class_list":{"0":"post-12609","1":"product","2":"type-product","3":"status-publish","4":"has-post-thumbnail","6":"product_cat-bags","7":"product_cat-bags_travel","9":"first","10":"instock","11":"shipping-taxable","12":"purchasable","13":"product-type-variable"},"_links":{"self":[{"href":"https:\/\/www.promotio.sk\/sk\/wp-json\/wp\/v2\/product\/12609","targetHints":{"allow":["GET"]}}],"collection":[{"href":"https:\/\/www.promotio.sk\/sk\/wp-json\/wp\/v2\/product"}],"about":[{"href":"https:\/\/www.promotio.sk\/sk\/wp-json\/wp\/v2\/types\/product"}],"replies":[{"embeddable":true,"href":"https:\/\/www.promotio.sk\/sk\/wp-json\/wp\/v2\/comments?post=12609"}],"wp:featuredmedia":[{"embeddable":true,"href":"https:\/\/www.promotio.sk\/sk\/wp-json\/wp\/v2\/media\/12610"}],"wp:attachment":[{"href":"https:\/\/www.promotio.sk\/sk\/wp-json\/wp\/v2\/media?parent=12609"}],"wp:term":[{"taxonomy":"product_cat","embeddable":true,"href":"https:\/\/www.promotio.sk\/sk\/wp-json\/wp\/v2\/product_cat?post=12609"},{"taxonomy":"product_tag","embeddable":true,"href":"https:\/\/www.promotio.sk\/sk\/wp-json\/wp\/v2\/product_tag?post=12609"}],"curies":[{"name":"wp","href":"https:\/\/api.w.org\/{rel}","templated":true}]}}