{"id":12593,"date":"2024-03-07T16:06:18","date_gmt":"2024-03-07T15:06:18","guid":{"rendered":"https:\/\/www.promotio.sk\/shop\/nezaraden\u00e9\/lubin\/"},"modified":"2024-03-07T20:41:11","modified_gmt":"2024-03-07T19:41:11","slug":"lubin","status":"publish","type":"product","link":"https:\/\/www.promotio.sk\/sk\/shop\/promo-items\/bags_travel\/cooler_bags\/lubin\/","title":{"rendered":"LUBIN"},"content":{"rendered":"<p>Skladacia chladiaca ta\u0161ka zo 190T polyesteru. Izotermick\u00e1 hlin\u00edkov\u00e1 pod\u0161\u00edvka a zap\u00ednanie na zips. Zosilnen\u00e9 rukov\u00e4te. Jednoduch\u00e9 skladanie pomocou zipsu.<br \/>Zlo\u017eenie: Polyester<br \/>Pozn\u00e1mky: Kapacita: 12 l<\/p>","protected":false},"excerpt":{"rendered":"<p>Foldable cooler bag in 190T polyester. Isothermal aluminium lining and zip fastening. Reinforced handles. Easy folding with zip.Composition: Poli\u00e9sterRemarks: Capacidad:<\/p>","protected":false},"featured_media":12594,"comment_status":"open","ping_status":"closed","template":"","meta":[],"product_cat":[298,305],"product_tag":[],"class_list":{"0":"post-12593","1":"product","2":"type-product","3":"status-publish","4":"has-post-thumbnail","6":"product_cat-bags_travel","7":"product_cat-cooler_bags","9":"first","10":"instock","11":"shipping-taxable","12":"purchasable","13":"product-type-variable"},"_links":{"self":[{"href":"https:\/\/www.promotio.sk\/sk\/wp-json\/wp\/v2\/product\/12593","targetHints":{"allow":["GET"]}}],"collection":[{"href":"https:\/\/www.promotio.sk\/sk\/wp-json\/wp\/v2\/product"}],"about":[{"href":"https:\/\/www.promotio.sk\/sk\/wp-json\/wp\/v2\/types\/product"}],"replies":[{"embeddable":true,"href":"https:\/\/www.promotio.sk\/sk\/wp-json\/wp\/v2\/comments?post=12593"}],"wp:featuredmedia":[{"embeddable":true,"href":"https:\/\/www.promotio.sk\/sk\/wp-json\/wp\/v2\/media\/12594"}],"wp:attachment":[{"href":"https:\/\/www.promotio.sk\/sk\/wp-json\/wp\/v2\/media?parent=12593"}],"wp:term":[{"taxonomy":"product_cat","embeddable":true,"href":"https:\/\/www.promotio.sk\/sk\/wp-json\/wp\/v2\/product_cat?post=12593"},{"taxonomy":"product_tag","embeddable":true,"href":"https:\/\/www.promotio.sk\/sk\/wp-json\/wp\/v2\/product_tag?post=12593"}],"curies":[{"name":"wp","href":"https:\/\/api.w.org\/{rel}","templated":true}]}}